{"id":992,"date":"2024-09-18T09:25:48","date_gmt":"2024-09-18T07:25:48","guid":{"rendered":"https:\/\/mazdyncrea.com\/?post_type=product&#038;p=992"},"modified":"2025-12-11T04:37:34","modified_gmt":"2025-12-11T03:37:34","slug":"fiole-baiser-mortel-et-son-collier-vampire","status":"publish","type":"product","link":"https:\/\/mazdyncrea.com\/index.php\/produit\/fiole-baiser-mortel-et-son-collier-vampire\/","title":{"rendered":"Fiole Baiser Mortel et son collier Vampire"},"content":{"rendered":"<p><span style=\"color: #000000;\"><span style=\"font-family: Arial, sans-serif;\">Fiole baiser mortel et son collier vampire<\/span><\/span><\/p>\n<p><span style=\"color: #000000;\"><span style=\"font-family: Arial, sans-serif;\">Mod\u00e8le unique<\/span><\/span><\/p>\n<p><span style=\"color: #000000;\"><span style=\"font-family: Arial, sans-serif;\">Lillith d\u00e9esse et reine des vampires, a concentr\u00e9 une partie de sa force et de sa s\u00e9duction en cette fiole. Ces adeptes l&rsquo;utilisent lors de pri\u00e8res et sacrifices afin de la remercier et de leur donner pouvoir.<\/span><\/span><\/p>\n<p><span style=\"color: #000000;\"><span style=\"font-family: Arial, sans-serif;\">La fiole est compos\u00e9e d&rsquo;une lune violette qui d\u00e9cuplerait sa puissance, d&rsquo;ossements de victimes de Lillith, fait de p\u00e2te polym\u00e8re. Les min\u00e9raux pr\u00e9sents sont Grenat, quartz rose, cornaline. Elles apportent force, \u00e9nergie, courage, cicatrisation, sensualit\u00e9, amour, sexualit\u00e9, vitalit\u00e9<\/span><\/span><\/p>\n<p><span style=\"color: #000000;\"><span style=\"font-family: Arial, sans-serif;\">Le m\u00e9daillon mesure 3.5 cm x 2.5 cm<br \/>\nLe fil simili cuir peut aller de 15.5 cm \u00e0 30 cm<\/span><\/span><\/p>\n<p>Possibilit\u00e9 de faire un envoie via vinted me contacter via mazdyncrea@gmail.com<\/p>\n","protected":false},"excerpt":{"rendered":"<p>Fiole et son collier th\u00e8me vampire<\/p>\n","protected":false},"featured_media":997,"comment_status":"open","ping_status":"closed","template":"","meta":[],"product_brand":[],"product_cat":[19],"product_tag":[],"class_list":{"0":"post-992","1":"product","2":"type-product","3":"status-publish","4":"has-post-thumbnail","6":"product_cat-fioles","7":"product_shipping_class-colis-fioles-peluches-solidaires","9":"entry","10":"has-media","12":"first","13":"instock","14":"shipping-taxable","15":"purchasable","16":"product-type-simple","17":"has-product-nav","18":"col","19":"span_1_of_3","20":"owp-content-center","21":"owp-thumbs-layout-horizontal","22":"owp-btn-normal","23":"owp-tabs-layout-horizontal","25":"circle-sale"},"_links":{"self":[{"href":"https:\/\/mazdyncrea.com\/index.php\/wp-json\/wp\/v2\/product\/992","targetHints":{"allow":["GET"]}}],"collection":[{"href":"https:\/\/mazdyncrea.com\/index.php\/wp-json\/wp\/v2\/product"}],"about":[{"href":"https:\/\/mazdyncrea.com\/index.php\/wp-json\/wp\/v2\/types\/product"}],"replies":[{"embeddable":true,"href":"https:\/\/mazdyncrea.com\/index.php\/wp-json\/wp\/v2\/comments?post=992"}],"wp:featuredmedia":[{"embeddable":true,"href":"https:\/\/mazdyncrea.com\/index.php\/wp-json\/wp\/v2\/media\/997"}],"wp:attachment":[{"href":"https:\/\/mazdyncrea.com\/index.php\/wp-json\/wp\/v2\/media?parent=992"}],"wp:term":[{"taxonomy":"product_brand","embeddable":true,"href":"https:\/\/mazdyncrea.com\/index.php\/wp-json\/wp\/v2\/product_brand?post=992"},{"taxonomy":"product_cat","embeddable":true,"href":"https:\/\/mazdyncrea.com\/index.php\/wp-json\/wp\/v2\/product_cat?post=992"},{"taxonomy":"product_tag","embeddable":true,"href":"https:\/\/mazdyncrea.com\/index.php\/wp-json\/wp\/v2\/product_tag?post=992"}],"curies":[{"name":"wp","href":"https:\/\/api.w.org\/{rel}","templated":true}]}}