{"id":824,"date":"2024-06-20T06:00:31","date_gmt":"2024-06-20T04:00:31","guid":{"rendered":"https:\/\/mazdyncrea.com\/?post_type=product&#038;p=824"},"modified":"2025-12-11T04:37:34","modified_gmt":"2025-12-11T03:37:34","slug":"fiole-de-thelxiepeia","status":"publish","type":"product","link":"https:\/\/mazdyncrea.com\/index.php\/produit\/fiole-de-thelxiepeia\/","title":{"rendered":"Fiole de Thelxi\u00e9peia"},"content":{"rendered":"<p>Fiole de Thelxi\u00e9peia<\/p>\n<p>Mod\u00e8le unique<\/p>\n<p>Thelxi\u00e9peia est une sir\u00e8ne aux paroles enchanteresses. Elle a une facilit\u00e9 dans le langage et apaise ceu.lles qui l&rsquo;approchent. Elle re\u00e7ut un cadeau du Dieu des oc\u00e9ans Pos\u00e9idon, cette fiole.<\/p>\n<p>Cette fiole est compos\u00e9e de sable, perles, coquillages et min\u00e9raux. Les min\u00e9raux sont calc\u00e9doine bleue, jade et calcite bleue. Les vertus de ces pierres sont paix int\u00e9rieure, relation humaine, honn\u00eatet\u00e9, tol\u00e9rance, apaisement et relaxation.<\/p>\n<p>Mesure : 5.5 x 7.7 cm<\/p>\n<p>Possibilit\u00e9 de faire un envoie via vinted, me contacter via l&rsquo;onglet contacte ou par mail mazdyncrea@gmail.com<\/p>\n","protected":false},"excerpt":{"rendered":"<p><span style=\"color: #000000;\"><span style=\"font-family: Arial, sans-serif;\">Fiole de Thelxi\u00e9peia &#8211; Sir\u00e8ne<\/span><\/span><\/p>\n","protected":false},"featured_media":825,"comment_status":"open","ping_status":"closed","template":"","meta":[],"product_brand":[],"product_cat":[19],"product_tag":[],"class_list":{"0":"post-824","1":"product","2":"type-product","3":"status-publish","4":"has-post-thumbnail","6":"product_cat-fioles","7":"product_shipping_class-colis-fioles-peluches-solidaires","9":"entry","10":"has-media","12":"first","13":"instock","14":"shipping-taxable","15":"purchasable","16":"product-type-simple","17":"has-product-nav","18":"col","19":"span_1_of_3","20":"owp-content-center","21":"owp-thumbs-layout-horizontal","22":"owp-btn-normal","23":"owp-tabs-layout-horizontal","25":"circle-sale"},"_links":{"self":[{"href":"https:\/\/mazdyncrea.com\/index.php\/wp-json\/wp\/v2\/product\/824","targetHints":{"allow":["GET"]}}],"collection":[{"href":"https:\/\/mazdyncrea.com\/index.php\/wp-json\/wp\/v2\/product"}],"about":[{"href":"https:\/\/mazdyncrea.com\/index.php\/wp-json\/wp\/v2\/types\/product"}],"replies":[{"embeddable":true,"href":"https:\/\/mazdyncrea.com\/index.php\/wp-json\/wp\/v2\/comments?post=824"}],"wp:featuredmedia":[{"embeddable":true,"href":"https:\/\/mazdyncrea.com\/index.php\/wp-json\/wp\/v2\/media\/825"}],"wp:attachment":[{"href":"https:\/\/mazdyncrea.com\/index.php\/wp-json\/wp\/v2\/media?parent=824"}],"wp:term":[{"taxonomy":"product_brand","embeddable":true,"href":"https:\/\/mazdyncrea.com\/index.php\/wp-json\/wp\/v2\/product_brand?post=824"},{"taxonomy":"product_cat","embeddable":true,"href":"https:\/\/mazdyncrea.com\/index.php\/wp-json\/wp\/v2\/product_cat?post=824"},{"taxonomy":"product_tag","embeddable":true,"href":"https:\/\/mazdyncrea.com\/index.php\/wp-json\/wp\/v2\/product_tag?post=824"}],"curies":[{"name":"wp","href":"https:\/\/api.w.org\/{rel}","templated":true}]}}