{"id":645,"date":"2024-04-29T14:55:40","date_gmt":"2024-04-29T12:55:40","guid":{"rendered":"https:\/\/mazdyncrea.com\/?post_type=product&#038;p=645"},"modified":"2025-12-11T04:37:31","modified_gmt":"2025-12-11T03:37:31","slug":"marque-page-rose-et-fee","status":"publish","type":"product","link":"https:\/\/mazdyncrea.com\/index.php\/produit\/marque-page-rose-et-fee\/","title":{"rendered":"Marque Page &#8211; Rose et f\u00e9e"},"content":{"rendered":"<p>Marque Page &#8211; Rose et f\u00e9e, mod\u00e8le unique<\/p>\n<p>Fait main, fil de coton tress\u00e9 \u00e0 la main avec ajout d&rsquo;un pendentif en forme de rose<\/p>\n<p>Mesure : 7 x 15 cm, fil tress\u00e9 16 cm<\/p>\n<p>Possibilit\u00e9 de faire un envoie via vinted, me contacter via l&rsquo;onglet contacte ou par mail mazdyncrea@gmail.com<\/p>\n","protected":false},"excerpt":{"rendered":"<p>marque page f\u00e9\u00e9rique<\/p>\n","protected":false},"featured_media":737,"comment_status":"open","ping_status":"closed","template":"","meta":[],"product_brand":[],"product_cat":[20],"product_tag":[],"class_list":{"0":"post-645","1":"product","2":"type-product","3":"status-publish","4":"has-post-thumbnail","6":"product_cat-marque-pages","7":"product_shipping_class-colis-bijoux-suspensions-aimants-marque-page","9":"entry","10":"has-media","12":"first","13":"instock","14":"shipping-taxable","15":"purchasable","16":"product-type-simple","17":"has-rating","18":"has-product-nav","19":"col","20":"span_1_of_3","21":"owp-content-center","22":"owp-thumbs-layout-horizontal","23":"owp-btn-normal","24":"owp-tabs-layout-horizontal","26":"circle-sale"},"_links":{"self":[{"href":"https:\/\/mazdyncrea.com\/index.php\/wp-json\/wp\/v2\/product\/645","targetHints":{"allow":["GET"]}}],"collection":[{"href":"https:\/\/mazdyncrea.com\/index.php\/wp-json\/wp\/v2\/product"}],"about":[{"href":"https:\/\/mazdyncrea.com\/index.php\/wp-json\/wp\/v2\/types\/product"}],"replies":[{"embeddable":true,"href":"https:\/\/mazdyncrea.com\/index.php\/wp-json\/wp\/v2\/comments?post=645"}],"wp:featuredmedia":[{"embeddable":true,"href":"https:\/\/mazdyncrea.com\/index.php\/wp-json\/wp\/v2\/media\/737"}],"wp:attachment":[{"href":"https:\/\/mazdyncrea.com\/index.php\/wp-json\/wp\/v2\/media?parent=645"}],"wp:term":[{"taxonomy":"product_brand","embeddable":true,"href":"https:\/\/mazdyncrea.com\/index.php\/wp-json\/wp\/v2\/product_brand?post=645"},{"taxonomy":"product_cat","embeddable":true,"href":"https:\/\/mazdyncrea.com\/index.php\/wp-json\/wp\/v2\/product_cat?post=645"},{"taxonomy":"product_tag","embeddable":true,"href":"https:\/\/mazdyncrea.com\/index.php\/wp-json\/wp\/v2\/product_tag?post=645"}],"curies":[{"name":"wp","href":"https:\/\/api.w.org\/{rel}","templated":true}]}}