{"id":638,"date":"2024-04-29T14:33:08","date_gmt":"2024-04-29T12:33:08","guid":{"rendered":"https:\/\/mazdyncrea.com\/?post_type=product&#038;p=638"},"modified":"2025-12-23T09:44:07","modified_gmt":"2025-12-23T08:44:07","slug":"carte-inspirante-prend-mon-handicap","status":"publish","type":"product","link":"https:\/\/mazdyncrea.com\/index.php\/produit\/carte-inspirante-prend-mon-handicap\/","title":{"rendered":"Carte Inspirante &#8211; Prend mon handicap"},"content":{"rendered":"<p>Carte Inspirante &#8211; Prend mon handicap &#8211; peint \u00e0 la main<\/p>\n<p>Chaque personne est diff\u00e9rente, chaque handicap est diff\u00e9rent. M\u00eame si cela ne se voit pas, ce n&rsquo;est pas pour \u00e7a qu&rsquo;il n&rsquo;existe pas. Sans comprendre tout les enjeux, \u00e9vite de juger.<\/p>\n<p>Mod\u00e8le unique<\/p>\n<p>Petite carte pour soi ou \u00e0 envoyer \u00e0 une personne \u00e0 qui on tient.<\/p>\n<p>Les bords peuvent \u00eatre couper.<br \/>\n7.5 x 12.5 cm la carte<br \/>\n11 x 16 cm avec les bords<\/p>\n<p>Possibilit\u00e9 de faire un envoie via vinted, me contacter via l&rsquo;onglet contacte ou par mail mazdyncrea@gmail.com<\/p>\n","protected":false},"excerpt":{"rendered":"<p>Carte Inspirante &#8211; Prend mon handicap<\/p>\n","protected":false},"featured_media":727,"comment_status":"open","ping_status":"closed","template":"","meta":[],"product_brand":[],"product_cat":[22],"product_tag":[],"class_list":{"0":"post-638","1":"product","2":"type-product","3":"status-publish","4":"has-post-thumbnail","6":"product_cat-cartes-inspirantes","7":"product_shipping_class-lettres-photos-illus-cartes-peintures","9":"entry","10":"has-media","12":"first","13":"instock","14":"shipping-taxable","15":"purchasable","16":"product-type-simple","17":"has-product-nav","18":"col","19":"span_1_of_3","20":"owp-content-center","21":"owp-thumbs-layout-horizontal","22":"owp-btn-normal","23":"owp-tabs-layout-horizontal","25":"circle-sale"},"_links":{"self":[{"href":"https:\/\/mazdyncrea.com\/index.php\/wp-json\/wp\/v2\/product\/638","targetHints":{"allow":["GET"]}}],"collection":[{"href":"https:\/\/mazdyncrea.com\/index.php\/wp-json\/wp\/v2\/product"}],"about":[{"href":"https:\/\/mazdyncrea.com\/index.php\/wp-json\/wp\/v2\/types\/product"}],"replies":[{"embeddable":true,"href":"https:\/\/mazdyncrea.com\/index.php\/wp-json\/wp\/v2\/comments?post=638"}],"wp:featuredmedia":[{"embeddable":true,"href":"https:\/\/mazdyncrea.com\/index.php\/wp-json\/wp\/v2\/media\/727"}],"wp:attachment":[{"href":"https:\/\/mazdyncrea.com\/index.php\/wp-json\/wp\/v2\/media?parent=638"}],"wp:term":[{"taxonomy":"product_brand","embeddable":true,"href":"https:\/\/mazdyncrea.com\/index.php\/wp-json\/wp\/v2\/product_brand?post=638"},{"taxonomy":"product_cat","embeddable":true,"href":"https:\/\/mazdyncrea.com\/index.php\/wp-json\/wp\/v2\/product_cat?post=638"},{"taxonomy":"product_tag","embeddable":true,"href":"https:\/\/mazdyncrea.com\/index.php\/wp-json\/wp\/v2\/product_tag?post=638"}],"curies":[{"name":"wp","href":"https:\/\/api.w.org\/{rel}","templated":true}]}}