{"id":632,"date":"2024-04-29T15:01:15","date_gmt":"2024-04-29T13:01:15","guid":{"rendered":"https:\/\/mazdyncrea.com\/?post_type=product&#038;p=632"},"modified":"2025-12-11T04:37:32","modified_gmt":"2025-12-11T03:37:32","slug":"peinture-chat-licorne-1","status":"publish","type":"product","link":"https:\/\/mazdyncrea.com\/index.php\/produit\/peinture-chat-licorne-1\/","title":{"rendered":"Peinture &#8211; Chat licorne 1"},"content":{"rendered":"<div class=\"xdj266r x11i5rnm xat24cr x1mh8g0r x1vvkbs x126k92a\">\n<div dir=\"auto\">Peinture, chat licorne 1<\/div>\n<div dir=\"auto\"><\/div>\n<\/div>\n<div class=\"x11i5rnm xat24cr x1mh8g0r x1vvkbs xtlvy1s x126k92a\">\n<div dir=\"auto\">Dimension : 19.7 x 14.7 cm<\/div>\n<div dir=\"auto\"><\/div>\n<div dir=\"auto\">Alors que je d\u00e9voilais caelis en story, une abonn\u00e9e m&rsquo;a soumis l&rsquo;id\u00e9e d&rsquo;un chat licorne. N&rsquo;h\u00e9site pas \u00e0 aller voir sur les r\u00e9seaux sociaux pour voir de qui s&rsquo;ag\u00eet il.<\/div>\n<div dir=\"auto\"><\/div>\n<\/div>\n<div class=\"x11i5rnm xat24cr x1mh8g0r x1vvkbs xtlvy1s x126k92a\">\n<div dir=\"auto\">Voil\u00e0 le r\u00e9sultat en format peinture, il y a une version illustration \u00e0 d\u00e9couvrir \u00e9galement.<\/div>\n<\/div>\n<div class=\"x11i5rnm xat24cr x1mh8g0r x1vvkbs xtlvy1s x126k92a\">\n<div dir=\"auto\">C&rsquo;est une peinture unique, mais je pense reprendre l&rsquo;id\u00e9e en d&rsquo;autre version, d&rsquo;o\u00f9 le titre chat licorne 1.<\/div>\n<\/div>\n<div dir=\"auto\">Possibilit\u00e9 de faire un envoie via vinted, me contacter via l&rsquo;onglet contacte ou par mail mazdyncrea@gmail.com<\/div>\n","protected":false},"excerpt":{"rendered":"<p>Peinture &#8211; Chat\u00a0 licorne 1<\/p>\n<p>T&rsquo;aime les chats, les licornes, cette peinture est pour toi.<\/p>\n","protected":false},"featured_media":666,"comment_status":"open","ping_status":"closed","template":"","meta":[],"product_brand":[],"product_cat":[23],"product_tag":[],"class_list":{"0":"post-632","1":"product","2":"type-product","3":"status-publish","4":"has-post-thumbnail","6":"product_cat-peintures","7":"product_shipping_class-lettres-photos-illus-cartes-peintures","9":"entry","10":"has-media","12":"first","13":"instock","14":"shipping-taxable","15":"purchasable","16":"product-type-simple","17":"has-product-nav","18":"col","19":"span_1_of_3","20":"owp-content-center","21":"owp-thumbs-layout-horizontal","22":"owp-btn-normal","23":"owp-tabs-layout-horizontal","24":"has-no-thumbnails","26":"circle-sale"},"_links":{"self":[{"href":"https:\/\/mazdyncrea.com\/index.php\/wp-json\/wp\/v2\/product\/632","targetHints":{"allow":["GET"]}}],"collection":[{"href":"https:\/\/mazdyncrea.com\/index.php\/wp-json\/wp\/v2\/product"}],"about":[{"href":"https:\/\/mazdyncrea.com\/index.php\/wp-json\/wp\/v2\/types\/product"}],"replies":[{"embeddable":true,"href":"https:\/\/mazdyncrea.com\/index.php\/wp-json\/wp\/v2\/comments?post=632"}],"wp:featuredmedia":[{"embeddable":true,"href":"https:\/\/mazdyncrea.com\/index.php\/wp-json\/wp\/v2\/media\/666"}],"wp:attachment":[{"href":"https:\/\/mazdyncrea.com\/index.php\/wp-json\/wp\/v2\/media?parent=632"}],"wp:term":[{"taxonomy":"product_brand","embeddable":true,"href":"https:\/\/mazdyncrea.com\/index.php\/wp-json\/wp\/v2\/product_brand?post=632"},{"taxonomy":"product_cat","embeddable":true,"href":"https:\/\/mazdyncrea.com\/index.php\/wp-json\/wp\/v2\/product_cat?post=632"},{"taxonomy":"product_tag","embeddable":true,"href":"https:\/\/mazdyncrea.com\/index.php\/wp-json\/wp\/v2\/product_tag?post=632"}],"curies":[{"name":"wp","href":"https:\/\/api.w.org\/{rel}","templated":true}]}}