{"id":629,"date":"2024-04-29T15:00:27","date_gmt":"2024-04-29T13:00:27","guid":{"rendered":"https:\/\/mazdyncrea.com\/?post_type=product&#038;p=629"},"modified":"2025-12-11T04:37:34","modified_gmt":"2025-12-11T03:37:34","slug":"peinture-printemps-explose","status":"publish","type":"product","link":"https:\/\/mazdyncrea.com\/index.php\/produit\/peinture-printemps-explose\/","title":{"rendered":"Peinture &#8211; Printemps explos\u00e9"},"content":{"rendered":"<div class=\"xdj266r x11i5rnm xat24cr x1mh8g0r x1vvkbs x126k92a\">\n<div dir=\"auto\">Peinture, Printemps explos\u00e9<\/div>\n<div dir=\"auto\"><\/div>\n<\/div>\n<div class=\"x11i5rnm xat24cr x1mh8g0r x1vvkbs xtlvy1s x126k92a\">\n<div dir=\"auto\">C&rsquo;est une des plus grandes peinture que j&rsquo;ai, elle est unique.<\/div>\n<div dir=\"auto\"><\/div>\n<div dir=\"auto\">J&rsquo;ai utiliser plusieurs mat\u00e9riaux, p\u00e9tale de fleur, gouache, acrylique, peinture \u00e0 l&rsquo;huile.<\/div>\n<\/div>\n<div class=\"x11i5rnm xat24cr x1mh8g0r x1vvkbs xtlvy1s x126k92a\">\n<div dir=\"auto\">Format : 42 x 29.5 cm4<\/div>\n<\/div>\n<div dir=\"auto\">Possibilit\u00e9 de faire un envoie via vinted, me contacter via l&rsquo;onglet contacte ou par mail mazdyncrea@gmail.com<\/div>\n","protected":false},"excerpt":{"rendered":"<p>Peinture &#8211; Printemps explos\u00e9<\/p>\n","protected":false},"featured_media":680,"comment_status":"open","ping_status":"closed","template":"","meta":[],"product_brand":[],"product_cat":[23],"product_tag":[],"class_list":{"0":"post-629","1":"product","2":"type-product","3":"status-publish","4":"has-post-thumbnail","6":"product_cat-peintures","7":"product_shipping_class-lettres-photos-illus-cartes-peintures","9":"entry","10":"has-media","12":"first","13":"instock","14":"shipping-taxable","15":"purchasable","16":"product-type-simple","17":"has-product-nav","18":"col","19":"span_1_of_3","20":"owp-content-center","21":"owp-thumbs-layout-horizontal","22":"owp-btn-normal","23":"owp-tabs-layout-horizontal","24":"has-no-thumbnails","26":"circle-sale"},"_links":{"self":[{"href":"https:\/\/mazdyncrea.com\/index.php\/wp-json\/wp\/v2\/product\/629","targetHints":{"allow":["GET"]}}],"collection":[{"href":"https:\/\/mazdyncrea.com\/index.php\/wp-json\/wp\/v2\/product"}],"about":[{"href":"https:\/\/mazdyncrea.com\/index.php\/wp-json\/wp\/v2\/types\/product"}],"replies":[{"embeddable":true,"href":"https:\/\/mazdyncrea.com\/index.php\/wp-json\/wp\/v2\/comments?post=629"}],"wp:featuredmedia":[{"embeddable":true,"href":"https:\/\/mazdyncrea.com\/index.php\/wp-json\/wp\/v2\/media\/680"}],"wp:attachment":[{"href":"https:\/\/mazdyncrea.com\/index.php\/wp-json\/wp\/v2\/media?parent=629"}],"wp:term":[{"taxonomy":"product_brand","embeddable":true,"href":"https:\/\/mazdyncrea.com\/index.php\/wp-json\/wp\/v2\/product_brand?post=629"},{"taxonomy":"product_cat","embeddable":true,"href":"https:\/\/mazdyncrea.com\/index.php\/wp-json\/wp\/v2\/product_cat?post=629"},{"taxonomy":"product_tag","embeddable":true,"href":"https:\/\/mazdyncrea.com\/index.php\/wp-json\/wp\/v2\/product_tag?post=629"}],"curies":[{"name":"wp","href":"https:\/\/api.w.org\/{rel}","templated":true}]}}