{"id":624,"date":"2024-04-29T14:44:41","date_gmt":"2024-04-29T12:44:41","guid":{"rendered":"https:\/\/mazdyncrea.com\/?post_type=product&#038;p=624"},"modified":"2025-12-11T04:37:32","modified_gmt":"2025-12-11T03:37:32","slug":"marque-page-musique-1","status":"publish","type":"product","link":"https:\/\/mazdyncrea.com\/index.php\/produit\/marque-page-musique-1\/","title":{"rendered":"Marque Page &#8211; Musique 1"},"content":{"rendered":"<p>Marque Page &#8211; Musique 1<\/p>\n<p>La musique fait partie de ma vie, j&rsquo;\u00e9tais obliger de prendre le th\u00e8me de la musique pour plusieurs cr\u00e9ations.<\/p>\n<p>J&rsquo;esp\u00e8re que si la musique te tiens \u00e0 c\u0153ur, tu aimera mes cr\u00e9ations.<\/p>\n<p>Mesure 7 x 17 cm,<\/p>\n<p>Le fil de coton tress\u00e9 mesure 17,5 cm<\/p>\n<p>la breloque a \u00e9t\u00e9 faite main<\/p>\n<p>Possibilit\u00e9 de faire un envoie via vinted, me contacter via l&rsquo;onglet contacte ou par mail mazdyncrea@gmail.com<\/p>\n","protected":false},"excerpt":{"rendered":"<p>Marque Page Musique 1 &#8211; Mod\u00e8le unique<\/p>\n<p>Id\u00e9al pour les personnes aimant la musique<\/p>\n","protected":false},"featured_media":752,"comment_status":"open","ping_status":"closed","template":"","meta":[],"product_brand":[],"product_cat":[20],"product_tag":[],"class_list":{"0":"post-624","1":"product","2":"type-product","3":"status-publish","4":"has-post-thumbnail","6":"product_cat-marque-pages","7":"product_shipping_class-colis-bijoux-suspensions-aimants-marque-page","9":"entry","10":"has-media","12":"first","13":"instock","14":"shipping-taxable","15":"purchasable","16":"product-type-simple","17":"has-product-nav","18":"col","19":"span_1_of_3","20":"owp-content-center","21":"owp-thumbs-layout-horizontal","22":"owp-btn-normal","23":"owp-tabs-layout-horizontal","25":"circle-sale"},"_links":{"self":[{"href":"https:\/\/mazdyncrea.com\/index.php\/wp-json\/wp\/v2\/product\/624","targetHints":{"allow":["GET"]}}],"collection":[{"href":"https:\/\/mazdyncrea.com\/index.php\/wp-json\/wp\/v2\/product"}],"about":[{"href":"https:\/\/mazdyncrea.com\/index.php\/wp-json\/wp\/v2\/types\/product"}],"replies":[{"embeddable":true,"href":"https:\/\/mazdyncrea.com\/index.php\/wp-json\/wp\/v2\/comments?post=624"}],"wp:featuredmedia":[{"embeddable":true,"href":"https:\/\/mazdyncrea.com\/index.php\/wp-json\/wp\/v2\/media\/752"}],"wp:attachment":[{"href":"https:\/\/mazdyncrea.com\/index.php\/wp-json\/wp\/v2\/media?parent=624"}],"wp:term":[{"taxonomy":"product_brand","embeddable":true,"href":"https:\/\/mazdyncrea.com\/index.php\/wp-json\/wp\/v2\/product_brand?post=624"},{"taxonomy":"product_cat","embeddable":true,"href":"https:\/\/mazdyncrea.com\/index.php\/wp-json\/wp\/v2\/product_cat?post=624"},{"taxonomy":"product_tag","embeddable":true,"href":"https:\/\/mazdyncrea.com\/index.php\/wp-json\/wp\/v2\/product_tag?post=624"}],"curies":[{"name":"wp","href":"https:\/\/api.w.org\/{rel}","templated":true}]}}