{"id":621,"date":"2024-04-29T14:57:34","date_gmt":"2024-04-29T12:57:34","guid":{"rendered":"https:\/\/mazdyncrea.com\/?post_type=product&#038;p=621"},"modified":"2025-12-11T04:37:30","modified_gmt":"2025-12-11T03:37:30","slug":"carte-postale-univers-2","status":"publish","type":"product","link":"https:\/\/mazdyncrea.com\/index.php\/produit\/carte-postale-univers-2\/","title":{"rendered":"Carte Postale &#8211; Univers 2"},"content":{"rendered":"<p>Carte peinte Univers 2<\/p>\n<p>Il existe pour le moment 3 variants.<\/p>\n<div class=\"x11i5rnm xat24cr x1mh8g0r x1vvkbs xtlvy1s x126k92a\">\n<div dir=\"auto\">Peint \u00e0 la main avec peinture gouache, mais \u00e9galement du maquillage (fard \u00e0 paupi\u00e8re, notamment).<\/div>\n<\/div>\n<div class=\"x11i5rnm xat24cr x1mh8g0r x1vvkbs xtlvy1s x126k92a\">\n<div dir=\"auto\">Dimension : 9,5 x 15 cm<\/div>\n<div dir=\"auto\"><\/div>\n<\/div>\n<div dir=\"auto\">Id\u00e9ale pour envoyer un petit mot, possibilit\u00e9 d&rsquo;y int\u00e9grer un message avant envoie.<\/div>\n<div dir=\"auto\"><\/div>\n<div dir=\"auto\">Possibilit\u00e9 de faire un envoie via vinted, me contacter via l&rsquo;onglet contacte ou par mail mazdyncrea@gmail.com<\/div>\n","protected":false},"excerpt":{"rendered":"<p>Carte Postale\u00a0 peint \u00e0 la main &#8211; Univers 2<\/p>\n<p>Une carte originale et unique<\/p>\n","protected":false},"featured_media":800,"comment_status":"open","ping_status":"closed","template":"","meta":[],"product_brand":[],"product_cat":[29],"product_tag":[],"class_list":{"0":"post-621","1":"product","2":"type-product","3":"status-publish","4":"has-post-thumbnail","6":"product_cat-cartes-postales","7":"product_shipping_class-lettres-photos-illus-cartes-peintures","9":"entry","10":"has-media","12":"first","13":"instock","14":"shipping-taxable","15":"purchasable","16":"product-type-simple","17":"has-product-nav","18":"col","19":"span_1_of_3","20":"owp-content-center","21":"owp-thumbs-layout-horizontal","22":"owp-btn-normal","23":"owp-tabs-layout-horizontal","25":"circle-sale"},"_links":{"self":[{"href":"https:\/\/mazdyncrea.com\/index.php\/wp-json\/wp\/v2\/product\/621","targetHints":{"allow":["GET"]}}],"collection":[{"href":"https:\/\/mazdyncrea.com\/index.php\/wp-json\/wp\/v2\/product"}],"about":[{"href":"https:\/\/mazdyncrea.com\/index.php\/wp-json\/wp\/v2\/types\/product"}],"replies":[{"embeddable":true,"href":"https:\/\/mazdyncrea.com\/index.php\/wp-json\/wp\/v2\/comments?post=621"}],"wp:featuredmedia":[{"embeddable":true,"href":"https:\/\/mazdyncrea.com\/index.php\/wp-json\/wp\/v2\/media\/800"}],"wp:attachment":[{"href":"https:\/\/mazdyncrea.com\/index.php\/wp-json\/wp\/v2\/media?parent=621"}],"wp:term":[{"taxonomy":"product_brand","embeddable":true,"href":"https:\/\/mazdyncrea.com\/index.php\/wp-json\/wp\/v2\/product_brand?post=621"},{"taxonomy":"product_cat","embeddable":true,"href":"https:\/\/mazdyncrea.com\/index.php\/wp-json\/wp\/v2\/product_cat?post=621"},{"taxonomy":"product_tag","embeddable":true,"href":"https:\/\/mazdyncrea.com\/index.php\/wp-json\/wp\/v2\/product_tag?post=621"}],"curies":[{"name":"wp","href":"https:\/\/api.w.org\/{rel}","templated":true}]}}