{"id":617,"date":"2024-04-29T14:38:27","date_gmt":"2024-04-29T12:38:27","guid":{"rendered":"https:\/\/mazdyncrea.com\/?post_type=product&#038;p=617"},"modified":"2025-12-11T04:37:34","modified_gmt":"2025-12-11T03:37:34","slug":"fiole-printemps-creatif","status":"publish","type":"product","link":"https:\/\/mazdyncrea.com\/index.php\/produit\/fiole-printemps-creatif\/","title":{"rendered":"Fiole &#8211; Printemps cr\u00e9atif"},"content":{"rendered":"<p>Fiole Printemps Cr\u00e9atif<\/p>\n<p>Compos\u00e9 de fleurs s\u00e9ch\u00e9es, ainsi que de min\u00e9raux favorisant l&rsquo;\u00e2me d&rsquo;enfant, la cr\u00e9ativit\u00e9.<\/p>\n<p>Min\u00e9raux : Amazonite, Fluorine, lapis-lazuli<\/p>\n<p>Mesure 5 x 8 cm<\/p>\n<p>Possibilit\u00e9 de faire un envoie via vinted, me contacter via l&rsquo;onglet contacte ou par mail mazdyncrea@gmail.com<\/p>\n","protected":false},"excerpt":{"rendered":"<p>Fiole &#8211; Printemps cr\u00e9atif &#8211; Mod\u00e8le unique<\/p>\n","protected":false},"featured_media":781,"comment_status":"open","ping_status":"closed","template":"","meta":[],"product_brand":[],"product_cat":[19],"product_tag":[],"class_list":{"0":"post-617","1":"product","2":"type-product","3":"status-publish","4":"has-post-thumbnail","6":"product_cat-fioles","7":"product_shipping_class-colis-fioles-peluches-solidaires","9":"entry","10":"has-media","12":"first","13":"instock","14":"shipping-taxable","15":"purchasable","16":"product-type-simple","17":"has-product-nav","18":"col","19":"span_1_of_3","20":"owp-content-center","21":"owp-thumbs-layout-horizontal","22":"owp-btn-normal","23":"owp-tabs-layout-horizontal","25":"circle-sale"},"_links":{"self":[{"href":"https:\/\/mazdyncrea.com\/index.php\/wp-json\/wp\/v2\/product\/617","targetHints":{"allow":["GET"]}}],"collection":[{"href":"https:\/\/mazdyncrea.com\/index.php\/wp-json\/wp\/v2\/product"}],"about":[{"href":"https:\/\/mazdyncrea.com\/index.php\/wp-json\/wp\/v2\/types\/product"}],"replies":[{"embeddable":true,"href":"https:\/\/mazdyncrea.com\/index.php\/wp-json\/wp\/v2\/comments?post=617"}],"wp:featuredmedia":[{"embeddable":true,"href":"https:\/\/mazdyncrea.com\/index.php\/wp-json\/wp\/v2\/media\/781"}],"wp:attachment":[{"href":"https:\/\/mazdyncrea.com\/index.php\/wp-json\/wp\/v2\/media?parent=617"}],"wp:term":[{"taxonomy":"product_brand","embeddable":true,"href":"https:\/\/mazdyncrea.com\/index.php\/wp-json\/wp\/v2\/product_brand?post=617"},{"taxonomy":"product_cat","embeddable":true,"href":"https:\/\/mazdyncrea.com\/index.php\/wp-json\/wp\/v2\/product_cat?post=617"},{"taxonomy":"product_tag","embeddable":true,"href":"https:\/\/mazdyncrea.com\/index.php\/wp-json\/wp\/v2\/product_tag?post=617"}],"curies":[{"name":"wp","href":"https:\/\/api.w.org\/{rel}","templated":true}]}}