{"id":615,"date":"2024-06-20T06:00:52","date_gmt":"2024-06-20T04:00:52","guid":{"rendered":"https:\/\/mazdyncrea.com\/?post_type=product&#038;p=615"},"modified":"2025-12-11T04:37:34","modified_gmt":"2025-12-11T03:37:34","slug":"fiole-un-ete-pour-soi","status":"publish","type":"product","link":"https:\/\/mazdyncrea.com\/index.php\/produit\/fiole-un-ete-pour-soi\/","title":{"rendered":"Fiole &#8211; Un \u00e9t\u00e9 pour soi"},"content":{"rendered":"<p>Un \u00e9t\u00e9 pour soi;<br \/>\nMod\u00e8le unique.<\/p>\n<p>La fissure de la fiole repr\u00e9sente un besoin de faire une pause et de r\u00e9parer nos blessures psychiques et physiques.<\/p>\n<p>Min\u00e9raux dans la fiole : Am\u00e9thyste, jade, calcite bleu<br \/>\nMin\u00e9raux dans le bouchon : Am\u00e9thyste, grenat almandine, howlite<\/p>\n<p>Les min\u00e9raux agissent sur notre honn\u00eatet\u00e9, notre assurance, confiance, s\u00e9r\u00e9nit\u00e9, ainsi que sur nos \u00e9changes.<br \/>\nElle est compos\u00e9e de fleurs s\u00e9ch\u00e9s, de r\u00e9sine et de sable bleu.<\/p>\n<p>Mesure : 4 x 13 cm<\/p>\n<p>Possibilit\u00e9 de faire un envoie via vinted, me contacter via l&rsquo;onglet contacte ou par mail mazdyncrea@gmail.com<\/p>\n","protected":false},"excerpt":{"rendered":"<p>Fiole &#8211; un \u00e9t\u00e9 pour soi &#8211; Mod\u00e8le unique<\/p>\n<p>Il est important de prendre du temps pour soi et pour se gu\u00e9rir.<\/p>\n","protected":false},"featured_media":789,"comment_status":"open","ping_status":"closed","template":"","meta":[],"product_brand":[],"product_cat":[19],"product_tag":[],"class_list":{"0":"post-615","1":"product","2":"type-product","3":"status-publish","4":"has-post-thumbnail","6":"product_cat-fioles","7":"product_shipping_class-colis-fioles-peluches-solidaires","9":"entry","10":"has-media","12":"first","13":"instock","14":"shipping-taxable","15":"purchasable","16":"product-type-simple","17":"has-product-nav","18":"col","19":"span_1_of_3","20":"owp-content-center","21":"owp-thumbs-layout-horizontal","22":"owp-btn-normal","23":"owp-tabs-layout-horizontal","25":"circle-sale"},"_links":{"self":[{"href":"https:\/\/mazdyncrea.com\/index.php\/wp-json\/wp\/v2\/product\/615","targetHints":{"allow":["GET"]}}],"collection":[{"href":"https:\/\/mazdyncrea.com\/index.php\/wp-json\/wp\/v2\/product"}],"about":[{"href":"https:\/\/mazdyncrea.com\/index.php\/wp-json\/wp\/v2\/types\/product"}],"replies":[{"embeddable":true,"href":"https:\/\/mazdyncrea.com\/index.php\/wp-json\/wp\/v2\/comments?post=615"}],"wp:featuredmedia":[{"embeddable":true,"href":"https:\/\/mazdyncrea.com\/index.php\/wp-json\/wp\/v2\/media\/789"}],"wp:attachment":[{"href":"https:\/\/mazdyncrea.com\/index.php\/wp-json\/wp\/v2\/media?parent=615"}],"wp:term":[{"taxonomy":"product_brand","embeddable":true,"href":"https:\/\/mazdyncrea.com\/index.php\/wp-json\/wp\/v2\/product_brand?post=615"},{"taxonomy":"product_cat","embeddable":true,"href":"https:\/\/mazdyncrea.com\/index.php\/wp-json\/wp\/v2\/product_cat?post=615"},{"taxonomy":"product_tag","embeddable":true,"href":"https:\/\/mazdyncrea.com\/index.php\/wp-json\/wp\/v2\/product_tag?post=615"}],"curies":[{"name":"wp","href":"https:\/\/api.w.org\/{rel}","templated":true}]}}