{"id":612,"date":"2024-06-20T06:00:49","date_gmt":"2024-06-20T04:00:49","guid":{"rendered":"https:\/\/mazdyncrea.com\/?post_type=product&#038;p=612"},"modified":"2025-12-11T04:37:34","modified_gmt":"2025-12-11T03:37:34","slug":"fiole-champs-florale","status":"publish","type":"product","link":"https:\/\/mazdyncrea.com\/index.php\/produit\/fiole-champs-florale\/","title":{"rendered":"Fiole &#8211; Champs Florale"},"content":{"rendered":"<p>Fiole champs florale<\/p>\n<p>Mod\u00e8le unique<\/p>\n<p>Compos\u00e9e de r\u00e9sine, fleurs s\u00e9ch\u00e9es et min\u00e9raux.<\/p>\n<p>Les min\u00e9raux sont Agate dendritique, lapis-lazuli, calc\u00e9doine bleue.<br \/>\nLes min\u00e9raux ont pour propri\u00e9t\u00e9 : \u00e9quilibre, protection, pers\u00e9v\u00e9rance, confiance, communication, encourage \u00e0 reprendre sa vie en main, paix int\u00e9rieure, favorise relation humaine, compr\u00e9hension.<br \/>\nMesure 7 x 5 cm<\/p>\n<p>Possibilit\u00e9 de faire un envoie via vinted, me contacter via l&rsquo;onglet contacte ou par mail mazdyncrea@gmail.com<\/p>\n","protected":false},"excerpt":{"rendered":"<p>Fiole &#8211; Champs Florale &#8211; Mod\u00e8le unique<\/p>\n<p>Pour f\u00eater l&rsquo;arriver de Litha, du solstice d&rsquo;\u00e9t\u00e9.<\/p>\n","protected":false},"featured_media":774,"comment_status":"open","ping_status":"closed","template":"","meta":[],"product_brand":[],"product_cat":[19],"product_tag":[],"class_list":{"0":"post-612","1":"product","2":"type-product","3":"status-publish","4":"has-post-thumbnail","6":"product_cat-fioles","7":"product_shipping_class-colis-fioles-peluches-solidaires","9":"entry","10":"has-media","12":"first","13":"instock","14":"shipping-taxable","15":"purchasable","16":"product-type-simple","17":"has-product-nav","18":"col","19":"span_1_of_3","20":"owp-content-center","21":"owp-thumbs-layout-horizontal","22":"owp-btn-normal","23":"owp-tabs-layout-horizontal","25":"circle-sale"},"_links":{"self":[{"href":"https:\/\/mazdyncrea.com\/index.php\/wp-json\/wp\/v2\/product\/612","targetHints":{"allow":["GET"]}}],"collection":[{"href":"https:\/\/mazdyncrea.com\/index.php\/wp-json\/wp\/v2\/product"}],"about":[{"href":"https:\/\/mazdyncrea.com\/index.php\/wp-json\/wp\/v2\/types\/product"}],"replies":[{"embeddable":true,"href":"https:\/\/mazdyncrea.com\/index.php\/wp-json\/wp\/v2\/comments?post=612"}],"wp:featuredmedia":[{"embeddable":true,"href":"https:\/\/mazdyncrea.com\/index.php\/wp-json\/wp\/v2\/media\/774"}],"wp:attachment":[{"href":"https:\/\/mazdyncrea.com\/index.php\/wp-json\/wp\/v2\/media?parent=612"}],"wp:term":[{"taxonomy":"product_brand","embeddable":true,"href":"https:\/\/mazdyncrea.com\/index.php\/wp-json\/wp\/v2\/product_brand?post=612"},{"taxonomy":"product_cat","embeddable":true,"href":"https:\/\/mazdyncrea.com\/index.php\/wp-json\/wp\/v2\/product_cat?post=612"},{"taxonomy":"product_tag","embeddable":true,"href":"https:\/\/mazdyncrea.com\/index.php\/wp-json\/wp\/v2\/product_tag?post=612"}],"curies":[{"name":"wp","href":"https:\/\/api.w.org\/{rel}","templated":true}]}}