{"id":610,"date":"2024-06-20T06:00:43","date_gmt":"2024-06-20T04:00:43","guid":{"rendered":"https:\/\/mazdyncrea.com\/?post_type=product&#038;p=610"},"modified":"2025-12-11T04:37:34","modified_gmt":"2025-12-11T03:37:34","slug":"fiole-aglaopheme","status":"publish","type":"product","link":"https:\/\/mazdyncrea.com\/index.php\/produit\/fiole-aglaopheme\/","title":{"rendered":"Fiole &#8211; Aglaoph\u00e8me"},"content":{"rendered":"<p>Fiole d&rsquo;Aglaoph\u00e8me<br class=\"html-br\" \/><br class=\"html-br\" \/>Mod\u00e8le unique.<\/p>\n<p><span class=\"OYPEnA font-feature-liga-off font-feature-clig-off font-feature-calt-off text-decoration-none text-strikethrough-none\">Aglaoph\u00e8me est une sir\u00e8ne avec la r\u00e9putation d&rsquo;\u00eatre brillante. Elle est d&rsquo;une grande beaut\u00e9 et elle a une grande assurance. Cette fiole \u00e9tait destin\u00e9e pour elle. Les fissures sur la fiole montrent \u00e0 quel point elle a confiance en elle, la fiole n&rsquo;arrive pas \u00e0 retenir cette assurance.<\/span><\/p>\n<p class=\"cvGsUA direction-ltr align-center para-style-body\"><span class=\"OYPEnA font-feature-liga-off font-feature-clig-off font-feature-calt-off text-decoration-none text-strikethrough-none\">Elle est compos\u00e9e de sable, coquillages, r\u00e9sine, perles, ainsi que de min\u00e9raux. Les min\u00e9raux pr\u00e9sent sont le lapis-lazuli, fluorine et morganite. Les vertus de ces pierres sont la confiance, la communication, la paix, la clart\u00e9 intellectuelle, l&rsquo;ordre des pens\u00e9es, la douceur et la relaxation.<\/span><\/p>\n<p class=\"cvGsUA direction-ltr align-center para-style-body\"><span class=\"OYPEnA font-feature-liga-off font-feature-clig-off font-feature-calt-off text-decoration-none text-strikethrough-none\">Taille : 5.5 x 11.5 cm<\/span><\/p>\n<p>Possibilit\u00e9 de faire un envoie via vinted, me contacter via l&rsquo;onglet contacte ou par mail mazdyncrea@gmail.com<\/p>\n","protected":false},"excerpt":{"rendered":"<p>Fiole &#8211; Aglaoph\u00e8me &#8211; Mod\u00e8le unique<\/p>\n","protected":false},"featured_media":769,"comment_status":"open","ping_status":"closed","template":"","meta":[],"product_brand":[],"product_cat":[19],"product_tag":[],"class_list":{"0":"post-610","1":"product","2":"type-product","3":"status-publish","4":"has-post-thumbnail","6":"product_cat-fioles","7":"product_shipping_class-colis-fioles-peluches-solidaires","9":"entry","10":"has-media","12":"first","13":"instock","14":"shipping-taxable","15":"purchasable","16":"product-type-simple","17":"has-product-nav","18":"col","19":"span_1_of_3","20":"owp-content-center","21":"owp-thumbs-layout-horizontal","22":"owp-btn-normal","23":"owp-tabs-layout-horizontal","25":"circle-sale"},"_links":{"self":[{"href":"https:\/\/mazdyncrea.com\/index.php\/wp-json\/wp\/v2\/product\/610","targetHints":{"allow":["GET"]}}],"collection":[{"href":"https:\/\/mazdyncrea.com\/index.php\/wp-json\/wp\/v2\/product"}],"about":[{"href":"https:\/\/mazdyncrea.com\/index.php\/wp-json\/wp\/v2\/types\/product"}],"replies":[{"embeddable":true,"href":"https:\/\/mazdyncrea.com\/index.php\/wp-json\/wp\/v2\/comments?post=610"}],"wp:featuredmedia":[{"embeddable":true,"href":"https:\/\/mazdyncrea.com\/index.php\/wp-json\/wp\/v2\/media\/769"}],"wp:attachment":[{"href":"https:\/\/mazdyncrea.com\/index.php\/wp-json\/wp\/v2\/media?parent=610"}],"wp:term":[{"taxonomy":"product_brand","embeddable":true,"href":"https:\/\/mazdyncrea.com\/index.php\/wp-json\/wp\/v2\/product_brand?post=610"},{"taxonomy":"product_cat","embeddable":true,"href":"https:\/\/mazdyncrea.com\/index.php\/wp-json\/wp\/v2\/product_cat?post=610"},{"taxonomy":"product_tag","embeddable":true,"href":"https:\/\/mazdyncrea.com\/index.php\/wp-json\/wp\/v2\/product_tag?post=610"}],"curies":[{"name":"wp","href":"https:\/\/api.w.org\/{rel}","templated":true}]}}