{"id":578,"date":"2024-06-20T06:00:35","date_gmt":"2024-06-20T04:00:35","guid":{"rendered":"https:\/\/mazdyncrea.com\/?post_type=product&#038;p=578"},"modified":"2026-02-09T09:06:45","modified_gmt":"2026-02-09T08:06:45","slug":"impression-aquarelle-arbre-a-cles","status":"publish","type":"product","link":"https:\/\/mazdyncrea.com\/index.php\/produit\/impression-aquarelle-arbre-a-cles\/","title":{"rendered":"Impression &#8211; Aquarelle &#8211; Arbre \u00e0 cl\u00e9s"},"content":{"rendered":"<p>Impression &#8211; Aquarelle &#8211; Arbre \u00e0 cl\u00e9s<\/p>\n<p>L&rsquo;arbre \u00e0 cl\u00e9s, est une aquarelle que j&rsquo;ai r\u00e9alis\u00e9e. J&rsquo;aime beaucoup la nature et la musique, j&rsquo;ai donc alli\u00e9 les deux. Dans cet arbre, nous retrouvons la cl\u00e9 de sol, la cl\u00e9 de fa et la cl\u00e9 ut.<\/p>\n<p>Format : 18 x 24.5 cm<br \/>\n10 x 15 cm<\/p>\n<p>Possibilit\u00e9 de faire un envoie via vinted, me contacter via l&rsquo;onglet contacte ou par mail mazdyncrea@gmail.com<\/p>\n","protected":false},"excerpt":{"rendered":"<p>Impression &#8211; Aquarelle &#8211; Arbre \u00e0 cl\u00e9s<\/p>\n","protected":false},"featured_media":655,"comment_status":"open","ping_status":"closed","template":"","meta":[],"product_brand":[],"product_cat":[24],"product_tag":[],"class_list":{"0":"post-578","1":"product","2":"type-product","3":"status-publish","4":"has-post-thumbnail","6":"product_cat-illustrations-impression","7":"product_shipping_class-lettres-photos-illus-cartes-peintures","9":"entry","10":"has-media","12":"first","13":"instock","14":"shipping-taxable","15":"purchasable","16":"product-type-variable","17":"has-rating","18":"has-product-nav","19":"col","20":"span_1_of_3","21":"owp-content-center","22":"owp-thumbs-layout-horizontal","23":"owp-btn-normal","24":"owp-tabs-layout-horizontal","26":"circle-sale"},"_links":{"self":[{"href":"https:\/\/mazdyncrea.com\/index.php\/wp-json\/wp\/v2\/product\/578","targetHints":{"allow":["GET"]}}],"collection":[{"href":"https:\/\/mazdyncrea.com\/index.php\/wp-json\/wp\/v2\/product"}],"about":[{"href":"https:\/\/mazdyncrea.com\/index.php\/wp-json\/wp\/v2\/types\/product"}],"replies":[{"embeddable":true,"href":"https:\/\/mazdyncrea.com\/index.php\/wp-json\/wp\/v2\/comments?post=578"}],"wp:featuredmedia":[{"embeddable":true,"href":"https:\/\/mazdyncrea.com\/index.php\/wp-json\/wp\/v2\/media\/655"}],"wp:attachment":[{"href":"https:\/\/mazdyncrea.com\/index.php\/wp-json\/wp\/v2\/media?parent=578"}],"wp:term":[{"taxonomy":"product_brand","embeddable":true,"href":"https:\/\/mazdyncrea.com\/index.php\/wp-json\/wp\/v2\/product_brand?post=578"},{"taxonomy":"product_cat","embeddable":true,"href":"https:\/\/mazdyncrea.com\/index.php\/wp-json\/wp\/v2\/product_cat?post=578"},{"taxonomy":"product_tag","embeddable":true,"href":"https:\/\/mazdyncrea.com\/index.php\/wp-json\/wp\/v2\/product_tag?post=578"}],"curies":[{"name":"wp","href":"https:\/\/api.w.org\/{rel}","templated":true}]}}