{"id":557,"date":"2024-04-29T14:53:54","date_gmt":"2024-04-29T12:53:54","guid":{"rendered":"https:\/\/mazdyncrea.com\/?post_type=product&#038;p=557"},"modified":"2026-02-09T09:12:52","modified_gmt":"2026-02-09T08:12:52","slug":"impression-aquarelle-chut-soit-gentil-le","status":"publish","type":"product","link":"https:\/\/mazdyncrea.com\/index.php\/produit\/impression-aquarelle-chut-soit-gentil-le\/","title":{"rendered":"Impression &#8211;  Aquarelle &#8211; Chut! Soit Gentil.le"},"content":{"rendered":"<p>Aquarelle &#8211; Chut! Soit Gentil.le<\/p>\n<p>Impression en format 18 x 24 cm.<br \/>\n10 x 15 cm<\/p>\n<p>Lorsque l&rsquo;on ne rentre pas dans les cases, on doit souvent se taire, et rentrer dans le rang. Si en plus nous sommes stigmatis\u00e9s, c&rsquo;est pire. On ne peut pas dire un mot de travers. On doit encaisser les violences sans rien dire.<br \/>\nOn doit \u00eatre soumis \u00e0 n&rsquo;importe quelle forme d&rsquo;autorit\u00e9.<\/p>\n<p>Possibilit\u00e9 de faire un envoie via vinted, me contacter via l&rsquo;onglet contacte ou par mail mazdyncrea@gmail.com<\/p>\n","protected":false},"excerpt":{"rendered":"<p>Impression &#8211; Aquarelle &#8211; Chut ! Soit gentil.le<\/p>\n","protected":false},"featured_media":501,"comment_status":"open","ping_status":"closed","template":"","meta":[],"product_brand":[],"product_cat":[24],"product_tag":[],"class_list":{"0":"post-557","1":"product","2":"type-product","3":"status-publish","4":"has-post-thumbnail","6":"product_cat-illustrations-impression","7":"product_shipping_class-lettres-photos-illus-cartes-peintures","9":"entry","10":"has-media","12":"first","13":"instock","14":"shipping-taxable","15":"purchasable","16":"product-type-variable","17":"has-product-nav","18":"col","19":"span_1_of_3","20":"owp-content-center","21":"owp-thumbs-layout-horizontal","22":"owp-btn-normal","23":"owp-tabs-layout-horizontal","25":"circle-sale"},"_links":{"self":[{"href":"https:\/\/mazdyncrea.com\/index.php\/wp-json\/wp\/v2\/product\/557","targetHints":{"allow":["GET"]}}],"collection":[{"href":"https:\/\/mazdyncrea.com\/index.php\/wp-json\/wp\/v2\/product"}],"about":[{"href":"https:\/\/mazdyncrea.com\/index.php\/wp-json\/wp\/v2\/types\/product"}],"replies":[{"embeddable":true,"href":"https:\/\/mazdyncrea.com\/index.php\/wp-json\/wp\/v2\/comments?post=557"}],"wp:featuredmedia":[{"embeddable":true,"href":"https:\/\/mazdyncrea.com\/index.php\/wp-json\/wp\/v2\/media\/501"}],"wp:attachment":[{"href":"https:\/\/mazdyncrea.com\/index.php\/wp-json\/wp\/v2\/media?parent=557"}],"wp:term":[{"taxonomy":"product_brand","embeddable":true,"href":"https:\/\/mazdyncrea.com\/index.php\/wp-json\/wp\/v2\/product_brand?post=557"},{"taxonomy":"product_cat","embeddable":true,"href":"https:\/\/mazdyncrea.com\/index.php\/wp-json\/wp\/v2\/product_cat?post=557"},{"taxonomy":"product_tag","embeddable":true,"href":"https:\/\/mazdyncrea.com\/index.php\/wp-json\/wp\/v2\/product_tag?post=557"}],"curies":[{"name":"wp","href":"https:\/\/api.w.org\/{rel}","templated":true}]}}