{"id":551,"date":"2024-04-29T14:53:35","date_gmt":"2024-04-29T12:53:35","guid":{"rendered":"https:\/\/mazdyncrea.com\/?post_type=product&#038;p=551"},"modified":"2025-12-11T04:37:35","modified_gmt":"2025-12-11T03:37:35","slug":"impression-aquarelle-univers","status":"publish","type":"product","link":"https:\/\/mazdyncrea.com\/index.php\/produit\/impression-aquarelle-univers\/","title":{"rendered":"Impression Aquarelle Univers"},"content":{"rendered":"<p>Version imprimer sur du papier brillant de l&rsquo;aquarelle que j&rsquo;ai r\u00e9aliser pour une carte postale.<\/p>\n<p>La version originale est disponible dans la cat\u00e9gorie Carte Postale, en version unique.<\/p>\n<p>Celle-ci est imprimable \u00e0 l&rsquo;infini, en format 10 x 15 cm, ou A6 papier de qualit\u00e9 sup\u00e9rieur<\/p>\n<p>Possibilit\u00e9 de faire un envoie via vinted, me contacter via l&rsquo;onglet contacte ou par mail mazdyncrea@gmail.com<\/p>\n","protected":false},"excerpt":{"rendered":"<p>Impression Aquarelle Univers<\/p>\n","protected":false},"featured_media":205,"comment_status":"open","ping_status":"closed","template":"","meta":[],"product_brand":[],"product_cat":[24],"product_tag":[],"class_list":{"0":"post-551","1":"product","2":"type-product","3":"status-publish","4":"has-post-thumbnail","6":"product_cat-illustrations-impression","7":"product_shipping_class-lettres-photos-illus-cartes-peintures","9":"entry","10":"has-media","12":"first","13":"instock","14":"shipping-taxable","15":"purchasable","16":"product-type-variable","17":"has-product-nav","18":"col","19":"span_1_of_3","20":"owp-content-center","21":"owp-thumbs-layout-horizontal","22":"owp-btn-normal","23":"owp-tabs-layout-horizontal","25":"circle-sale"},"_links":{"self":[{"href":"https:\/\/mazdyncrea.com\/index.php\/wp-json\/wp\/v2\/product\/551","targetHints":{"allow":["GET"]}}],"collection":[{"href":"https:\/\/mazdyncrea.com\/index.php\/wp-json\/wp\/v2\/product"}],"about":[{"href":"https:\/\/mazdyncrea.com\/index.php\/wp-json\/wp\/v2\/types\/product"}],"replies":[{"embeddable":true,"href":"https:\/\/mazdyncrea.com\/index.php\/wp-json\/wp\/v2\/comments?post=551"}],"wp:featuredmedia":[{"embeddable":true,"href":"https:\/\/mazdyncrea.com\/index.php\/wp-json\/wp\/v2\/media\/205"}],"wp:attachment":[{"href":"https:\/\/mazdyncrea.com\/index.php\/wp-json\/wp\/v2\/media?parent=551"}],"wp:term":[{"taxonomy":"product_brand","embeddable":true,"href":"https:\/\/mazdyncrea.com\/index.php\/wp-json\/wp\/v2\/product_brand?post=551"},{"taxonomy":"product_cat","embeddable":true,"href":"https:\/\/mazdyncrea.com\/index.php\/wp-json\/wp\/v2\/product_cat?post=551"},{"taxonomy":"product_tag","embeddable":true,"href":"https:\/\/mazdyncrea.com\/index.php\/wp-json\/wp\/v2\/product_tag?post=551"}],"curies":[{"name":"wp","href":"https:\/\/api.w.org\/{rel}","templated":true}]}}