{"id":550,"date":"2024-04-29T15:05:30","date_gmt":"2024-04-29T13:05:30","guid":{"rendered":"https:\/\/mazdyncrea.com\/?post_type=product&#038;p=550"},"modified":"2025-12-23T09:44:07","modified_gmt":"2025-12-23T08:44:07","slug":"carte-inspirante-fait-de-ton-mieux-variant-1","status":"publish","type":"product","link":"https:\/\/mazdyncrea.com\/index.php\/produit\/carte-inspirante-fait-de-ton-mieux-variant-1\/","title":{"rendered":"Carte Inspirante &#8211; Fait de ton mieux &#8211; Variant 1"},"content":{"rendered":"<p><span class=\"_8rs5 _9hvh\" data-ad-preview=\"ig-message\">Carte Inspirante \u00ab\u00a0Fais de ton mieux\u00a0\u00bb, peint \u00e0 la main.<\/span><\/p>\n<p>Car chacun.e avance \u00e0 son propre rythme.<\/p>\n<p>Mod\u00e8le unique<\/p>\n<p>Petite carte pour soi ou \u00e0 envoyer \u00e0 une personne \u00e0 qui<br \/>\non tient.<\/p>\n<p>Les bords peuvent \u00eatre couper.<br \/>\n7.5 x 12.5 cm la carte<br \/>\n11 x 16 cm avec les bords<\/p>\n<p>Possibilit\u00e9 de faire un envoie via vinted, me contacter via l&rsquo;onglet contacte ou par mail mazdyncrea@gmail.com<\/p>\n","protected":false},"excerpt":{"rendered":"<p>Carte Inspirante &#8211; Fais de ton mieux &#8211; Variant 1 &#8211; Mod\u00e8le unique<\/p>\n","protected":false},"featured_media":206,"comment_status":"open","ping_status":"closed","template":"","meta":[],"product_brand":[],"product_cat":[22],"product_tag":[],"class_list":{"0":"post-550","1":"product","2":"type-product","3":"status-publish","4":"has-post-thumbnail","6":"product_cat-cartes-inspirantes","7":"product_shipping_class-lettres-photos-illus-cartes-peintures","9":"entry","10":"has-media","12":"first","13":"outofstock","14":"shipping-taxable","15":"purchasable","16":"product-type-simple","17":"has-product-nav","18":"col","19":"span_1_of_3","20":"owp-content-center","21":"owp-thumbs-layout-horizontal","22":"owp-btn-normal","23":"owp-tabs-layout-horizontal","25":"circle-sale"},"_links":{"self":[{"href":"https:\/\/mazdyncrea.com\/index.php\/wp-json\/wp\/v2\/product\/550","targetHints":{"allow":["GET"]}}],"collection":[{"href":"https:\/\/mazdyncrea.com\/index.php\/wp-json\/wp\/v2\/product"}],"about":[{"href":"https:\/\/mazdyncrea.com\/index.php\/wp-json\/wp\/v2\/types\/product"}],"replies":[{"embeddable":true,"href":"https:\/\/mazdyncrea.com\/index.php\/wp-json\/wp\/v2\/comments?post=550"}],"wp:featuredmedia":[{"embeddable":true,"href":"https:\/\/mazdyncrea.com\/index.php\/wp-json\/wp\/v2\/media\/206"}],"wp:attachment":[{"href":"https:\/\/mazdyncrea.com\/index.php\/wp-json\/wp\/v2\/media?parent=550"}],"wp:term":[{"taxonomy":"product_brand","embeddable":true,"href":"https:\/\/mazdyncrea.com\/index.php\/wp-json\/wp\/v2\/product_brand?post=550"},{"taxonomy":"product_cat","embeddable":true,"href":"https:\/\/mazdyncrea.com\/index.php\/wp-json\/wp\/v2\/product_cat?post=550"},{"taxonomy":"product_tag","embeddable":true,"href":"https:\/\/mazdyncrea.com\/index.php\/wp-json\/wp\/v2\/product_tag?post=550"}],"curies":[{"name":"wp","href":"https:\/\/api.w.org\/{rel}","templated":true}]}}