{"id":547,"date":"2024-04-29T14:57:05","date_gmt":"2024-04-29T12:57:05","guid":{"rendered":"https:\/\/mazdyncrea.com\/?post_type=product&#038;p=547"},"modified":"2025-12-11T04:37:30","modified_gmt":"2025-12-11T03:37:30","slug":"bracelet-rose-bleu","status":"publish","type":"product","link":"https:\/\/mazdyncrea.com\/index.php\/produit\/bracelet-rose-bleu\/","title":{"rendered":"Bracelet Rose Bleu"},"content":{"rendered":"<p>Bracelet rose bleu &#8211; Mod\u00e8le Unique<\/p>\n<div dir=\"auto\">20 cm en tour de poignet, 3.5 cm en largeur (la rose).<\/div>\n<div dir=\"auto\"><\/div>\n<div dir=\"auto\">Utilisation de la p\u00e2te durcissant \u00e0 l&rsquo;air, perle, ruban, la rose a \u00e9t\u00e9 peinte pour rajouter du brillant, et cousu au bracelet \u00e0 la main.<\/div>\n<div dir=\"auto\">Possibilit\u00e9 de rajouter des anneaux pour agrandir le tour de poignet.<\/div>\n<div dir=\"auto\">Possibilit\u00e9 de faire un envoie via vinted, me contacter via l&rsquo;onglet contacte ou par mail mazdyncrea@gmail.com<\/div>\n","protected":false},"excerpt":{"rendered":"<p>Bracelet Rose Bleu &#8211; Mod\u00e8le unique<\/p>\n","protected":false},"featured_media":808,"comment_status":"open","ping_status":"closed","template":"","meta":[],"product_brand":[],"product_cat":[28],"product_tag":[],"class_list":{"0":"post-547","1":"product","2":"type-product","3":"status-publish","4":"has-post-thumbnail","6":"product_cat-bijoux","7":"product_shipping_class-colis-bijoux-suspensions-aimants-marque-page","9":"entry","10":"has-media","12":"first","13":"instock","14":"shipping-taxable","15":"purchasable","16":"product-type-simple","17":"has-product-nav","18":"col","19":"span_1_of_3","20":"owp-content-center","21":"owp-thumbs-layout-horizontal","22":"owp-btn-normal","23":"owp-tabs-layout-horizontal","25":"circle-sale"},"_links":{"self":[{"href":"https:\/\/mazdyncrea.com\/index.php\/wp-json\/wp\/v2\/product\/547","targetHints":{"allow":["GET"]}}],"collection":[{"href":"https:\/\/mazdyncrea.com\/index.php\/wp-json\/wp\/v2\/product"}],"about":[{"href":"https:\/\/mazdyncrea.com\/index.php\/wp-json\/wp\/v2\/types\/product"}],"replies":[{"embeddable":true,"href":"https:\/\/mazdyncrea.com\/index.php\/wp-json\/wp\/v2\/comments?post=547"}],"wp:featuredmedia":[{"embeddable":true,"href":"https:\/\/mazdyncrea.com\/index.php\/wp-json\/wp\/v2\/media\/808"}],"wp:attachment":[{"href":"https:\/\/mazdyncrea.com\/index.php\/wp-json\/wp\/v2\/media?parent=547"}],"wp:term":[{"taxonomy":"product_brand","embeddable":true,"href":"https:\/\/mazdyncrea.com\/index.php\/wp-json\/wp\/v2\/product_brand?post=547"},{"taxonomy":"product_cat","embeddable":true,"href":"https:\/\/mazdyncrea.com\/index.php\/wp-json\/wp\/v2\/product_cat?post=547"},{"taxonomy":"product_tag","embeddable":true,"href":"https:\/\/mazdyncrea.com\/index.php\/wp-json\/wp\/v2\/product_tag?post=547"}],"curies":[{"name":"wp","href":"https:\/\/api.w.org\/{rel}","templated":true}]}}