{"id":406,"date":"2024-04-29T15:05:19","date_gmt":"2024-04-29T13:05:19","guid":{"rendered":"https:\/\/mazdyncrea.com\/?post_type=product&#038;p=406"},"modified":"2025-12-11T04:37:35","modified_gmt":"2025-12-11T03:37:35","slug":"chat-licorne-violet-illustration","status":"publish","type":"product","link":"https:\/\/mazdyncrea.com\/index.php\/produit\/chat-licorne-violet-illustration\/","title":{"rendered":"Chat licorne violet &#8211; Illustration"},"content":{"rendered":"<p style=\"text-align: left;\">Impression d&rsquo;Illustration Chat licorne violet.<\/p>\n<p>Le format disponible est de 10 x 15 cm, ou A6 avec papier de qualit\u00e9 sup\u00e9rieur<\/p>\n<p>J&rsquo;ai r\u00e9alis\u00e9 une peinture unique chat licorne, rapidement, j&rsquo;ai souhait\u00e9 la rendre accessible \u00e0 plus d&rsquo;une personne. J&rsquo;ai donc r\u00e9alis\u00e9 cette illustration de chat licorne violet. Il n&rsquo;est pas le m\u00eame que la peinture.<\/p>\n<p>Possibilit\u00e9 de faire un envoie via vinted, me contacter via l&rsquo;onglet contacte ou par mail mazdyncrea@gmail.com<\/p>\n","protected":false},"excerpt":{"rendered":"<p>Illustration chat licorne violet &#8211; format 10 x 15 cm<\/p>\n","protected":false},"featured_media":208,"comment_status":"open","ping_status":"closed","template":"","meta":[],"product_brand":[],"product_cat":[24],"product_tag":[],"class_list":{"0":"post-406","1":"product","2":"type-product","3":"status-publish","4":"has-post-thumbnail","6":"product_cat-illustrations-impression","7":"product_shipping_class-lettres-photos-illus-cartes-peintures","9":"entry","10":"has-media","12":"first","13":"instock","14":"shipping-taxable","15":"purchasable","16":"product-type-variable","17":"has-rating","18":"has-product-nav","19":"col","20":"span_1_of_3","21":"owp-content-center","22":"owp-thumbs-layout-horizontal","23":"owp-btn-normal","24":"owp-tabs-layout-horizontal","26":"circle-sale"},"_links":{"self":[{"href":"https:\/\/mazdyncrea.com\/index.php\/wp-json\/wp\/v2\/product\/406","targetHints":{"allow":["GET"]}}],"collection":[{"href":"https:\/\/mazdyncrea.com\/index.php\/wp-json\/wp\/v2\/product"}],"about":[{"href":"https:\/\/mazdyncrea.com\/index.php\/wp-json\/wp\/v2\/types\/product"}],"replies":[{"embeddable":true,"href":"https:\/\/mazdyncrea.com\/index.php\/wp-json\/wp\/v2\/comments?post=406"}],"wp:featuredmedia":[{"embeddable":true,"href":"https:\/\/mazdyncrea.com\/index.php\/wp-json\/wp\/v2\/media\/208"}],"wp:attachment":[{"href":"https:\/\/mazdyncrea.com\/index.php\/wp-json\/wp\/v2\/media?parent=406"}],"wp:term":[{"taxonomy":"product_brand","embeddable":true,"href":"https:\/\/mazdyncrea.com\/index.php\/wp-json\/wp\/v2\/product_brand?post=406"},{"taxonomy":"product_cat","embeddable":true,"href":"https:\/\/mazdyncrea.com\/index.php\/wp-json\/wp\/v2\/product_cat?post=406"},{"taxonomy":"product_tag","embeddable":true,"href":"https:\/\/mazdyncrea.com\/index.php\/wp-json\/wp\/v2\/product_tag?post=406"}],"curies":[{"name":"wp","href":"https:\/\/api.w.org\/{rel}","templated":true}]}}