{"id":2061,"date":"2026-03-28T10:23:36","date_gmt":"2026-03-28T09:23:36","guid":{"rendered":"https:\/\/mazdyncrea.com\/?post_type=product&#038;p=2061"},"modified":"2026-03-28T10:23:36","modified_gmt":"2026-03-28T09:23:36","slug":"marque-page-fee-et-licorne","status":"publish","type":"product","link":"https:\/\/mazdyncrea.com\/index.php\/produit\/marque-page-fee-et-licorne\/","title":{"rendered":"Marque-Page F\u00e9e et Licorne"},"content":{"rendered":"<p>Marque-Page F\u00e9e et Licrone<\/p>\n<p>Mod\u00e8le unique. Possibilit\u00e9 de reproduire le th\u00e8me.<\/p>\n<p>Peint \u00e0 la main, plastifier, tresse de fil de coton, perle r\u00e9alis\u00e9 \u00e0 la main.<\/p>\n<p>Dimensions : 7 x 14,5 cm et tresse de coton 17,5 cm<\/p>\n<p>Envoie via vinted possible, me contacter : mazdyncrea@gmail.com<\/p>\n","protected":false},"excerpt":{"rendered":"<p>Marque page Licorne et f\u00e9e<\/p>\n","protected":false},"featured_media":2062,"comment_status":"open","ping_status":"closed","template":"","meta":[],"product_brand":[],"product_cat":[20],"product_tag":[],"class_list":{"0":"post-2061","1":"product","2":"type-product","3":"status-publish","4":"has-post-thumbnail","6":"product_cat-marque-pages","7":"product_shipping_class-colis-bijoux-suspensions-aimants-marque-page","9":"entry","10":"has-media","12":"first","13":"instock","14":"shipping-taxable","15":"purchasable","16":"product-type-simple","17":"has-product-nav","18":"col","19":"span_1_of_3","20":"owp-content-center","21":"owp-thumbs-layout-horizontal","22":"owp-btn-normal","23":"owp-tabs-layout-horizontal","24":"has-no-thumbnails","26":"circle-sale"},"_links":{"self":[{"href":"https:\/\/mazdyncrea.com\/index.php\/wp-json\/wp\/v2\/product\/2061","targetHints":{"allow":["GET"]}}],"collection":[{"href":"https:\/\/mazdyncrea.com\/index.php\/wp-json\/wp\/v2\/product"}],"about":[{"href":"https:\/\/mazdyncrea.com\/index.php\/wp-json\/wp\/v2\/types\/product"}],"replies":[{"embeddable":true,"href":"https:\/\/mazdyncrea.com\/index.php\/wp-json\/wp\/v2\/comments?post=2061"}],"wp:featuredmedia":[{"embeddable":true,"href":"https:\/\/mazdyncrea.com\/index.php\/wp-json\/wp\/v2\/media\/2062"}],"wp:attachment":[{"href":"https:\/\/mazdyncrea.com\/index.php\/wp-json\/wp\/v2\/media?parent=2061"}],"wp:term":[{"taxonomy":"product_brand","embeddable":true,"href":"https:\/\/mazdyncrea.com\/index.php\/wp-json\/wp\/v2\/product_brand?post=2061"},{"taxonomy":"product_cat","embeddable":true,"href":"https:\/\/mazdyncrea.com\/index.php\/wp-json\/wp\/v2\/product_cat?post=2061"},{"taxonomy":"product_tag","embeddable":true,"href":"https:\/\/mazdyncrea.com\/index.php\/wp-json\/wp\/v2\/product_tag?post=2061"}],"curies":[{"name":"wp","href":"https:\/\/api.w.org\/{rel}","templated":true}]}}