{"id":2025,"date":"2026-03-20T06:00:17","date_gmt":"2026-03-20T05:00:17","guid":{"rendered":"https:\/\/mazdyncrea.com\/?post_type=product&#038;p=2025"},"modified":"2026-02-09T09:01:27","modified_gmt":"2026-02-09T08:01:27","slug":"impression-aquarelle-guerre-uterienne","status":"publish","type":"product","link":"https:\/\/mazdyncrea.com\/index.php\/produit\/impression-aquarelle-guerre-uterienne\/","title":{"rendered":"Impression &#8211; Aquarelle Guerre ut\u00e9rienne"},"content":{"rendered":"<p>Impression &#8211; Aquarelle Guerre ut\u00e9rienne<\/p>\n<p>Depuis qu&rsquo;on m&rsquo;a enlev\u00e9 un kyste h\u00e9morragique pr\u00e8s d&rsquo;un ovaire, r\u00e9guli\u00e8rement quand j&rsquo;ai mes r\u00e8gles, j&rsquo;ai l&rsquo;impression qu&rsquo;il y a une guerre, une bataille en moi. J&rsquo;ai l&rsquo;impression que mes deux ovaires se font une lutte de pouvoir, guerre de religion.<\/p>\n<p>Cela fait un moment que je pense \u00e0 faire cette aquarelle, je vous la propose tout d&rsquo;abord en impression. J&rsquo;ai mis un moment \u00e0 la faire car c&rsquo;est compliqu\u00e9 pour moi de faire des dessins en ce moment. Et, surtout, je ne la faisais que pendant la p\u00e9riode du mois o\u00f9 j&rsquo;avais mes menstrues, pour relater au mieux mon ressenti.<\/p>\n<p>Format<br \/>\nA4 et 18 x 24,5 cm avec bord papier m\u00e2te de 250gr<br \/>\n10 x 15 cm papier photo brillant<\/p>\n","protected":false},"excerpt":{"rendered":"<p>Impression &#8211; Aquarelle Guerre ut\u00e9rienne<\/p>\n","protected":false},"featured_media":2026,"comment_status":"open","ping_status":"closed","template":"","meta":[],"product_brand":[],"product_cat":[24],"product_tag":[],"class_list":{"0":"post-2025","1":"product","2":"type-product","3":"status-publish","4":"has-post-thumbnail","6":"product_cat-illustrations-impression","7":"product_shipping_class-lettres-photos-illus-cartes-peintures","9":"entry","10":"has-media","12":"first","13":"instock","14":"shipping-taxable","15":"purchasable","16":"product-type-variable","17":"has-product-nav","18":"col","19":"span_1_of_3","20":"owp-content-center","21":"owp-thumbs-layout-horizontal","22":"owp-btn-normal","23":"owp-tabs-layout-horizontal","24":"has-no-thumbnails","26":"circle-sale"},"_links":{"self":[{"href":"https:\/\/mazdyncrea.com\/index.php\/wp-json\/wp\/v2\/product\/2025","targetHints":{"allow":["GET"]}}],"collection":[{"href":"https:\/\/mazdyncrea.com\/index.php\/wp-json\/wp\/v2\/product"}],"about":[{"href":"https:\/\/mazdyncrea.com\/index.php\/wp-json\/wp\/v2\/types\/product"}],"replies":[{"embeddable":true,"href":"https:\/\/mazdyncrea.com\/index.php\/wp-json\/wp\/v2\/comments?post=2025"}],"wp:featuredmedia":[{"embeddable":true,"href":"https:\/\/mazdyncrea.com\/index.php\/wp-json\/wp\/v2\/media\/2026"}],"wp:attachment":[{"href":"https:\/\/mazdyncrea.com\/index.php\/wp-json\/wp\/v2\/media?parent=2025"}],"wp:term":[{"taxonomy":"product_brand","embeddable":true,"href":"https:\/\/mazdyncrea.com\/index.php\/wp-json\/wp\/v2\/product_brand?post=2025"},{"taxonomy":"product_cat","embeddable":true,"href":"https:\/\/mazdyncrea.com\/index.php\/wp-json\/wp\/v2\/product_cat?post=2025"},{"taxonomy":"product_tag","embeddable":true,"href":"https:\/\/mazdyncrea.com\/index.php\/wp-json\/wp\/v2\/product_tag?post=2025"}],"curies":[{"name":"wp","href":"https:\/\/api.w.org\/{rel}","templated":true}]}}