{"id":2020,"date":"2026-03-20T06:00:21","date_gmt":"2026-03-20T05:00:21","guid":{"rendered":"https:\/\/mazdyncrea.com\/?post_type=product&#038;p=2020"},"modified":"2026-01-26T08:44:10","modified_gmt":"2026-01-26T07:44:10","slug":"fiole-printemps-rafraichissant-et-ame-denfant","status":"publish","type":"product","link":"https:\/\/mazdyncrea.com\/index.php\/produit\/fiole-printemps-rafraichissant-et-ame-denfant\/","title":{"rendered":"Fiole Printemps rafraichissant et \u00e2me d&rsquo;enfant"},"content":{"rendered":"<p>Fiole printemps rafraichissant et \u00e2me d\u2019enfant<\/p>\n<p>Mod\u00e8le unique<\/p>\n<p>Avec ces fleurs s\u00e9ch\u00e9s, signe du printemps<\/p>\n<p>Et ces min\u00e9raux : Amazonite, fluorine<\/p>\n<p>Ces min\u00e9raux symbolisant l&rsquo;\u00e2me d&rsquo;enfant, la cr\u00e9ativit\u00e9 et le rafra\u00eechissement.<\/p>\n<p>Dimension : 2 x 6,5 cm<\/p>\n<p>Possibilit\u00e9 de faire un envoie via vinted, me contacter via mazdyncrea@gmail.com<\/p>\n","protected":false},"excerpt":{"rendered":"<p>fiole printemps rafraichissant et \u00e2me d&rsquo;enfant<\/p>\n","protected":false},"featured_media":2006,"comment_status":"open","ping_status":"closed","template":"","meta":[],"product_brand":[],"product_cat":[19],"product_tag":[],"class_list":{"0":"post-2020","1":"product","2":"type-product","3":"status-publish","4":"has-post-thumbnail","6":"product_cat-fioles","7":"product_shipping_class-colis-fioles-peluches-solidaires","9":"entry","10":"has-media","12":"first","13":"instock","14":"shipping-taxable","15":"purchasable","16":"product-type-simple","17":"has-product-nav","18":"col","19":"span_1_of_3","20":"owp-content-center","21":"owp-thumbs-layout-horizontal","22":"owp-btn-normal","23":"owp-tabs-layout-horizontal","25":"circle-sale"},"_links":{"self":[{"href":"https:\/\/mazdyncrea.com\/index.php\/wp-json\/wp\/v2\/product\/2020","targetHints":{"allow":["GET"]}}],"collection":[{"href":"https:\/\/mazdyncrea.com\/index.php\/wp-json\/wp\/v2\/product"}],"about":[{"href":"https:\/\/mazdyncrea.com\/index.php\/wp-json\/wp\/v2\/types\/product"}],"replies":[{"embeddable":true,"href":"https:\/\/mazdyncrea.com\/index.php\/wp-json\/wp\/v2\/comments?post=2020"}],"wp:featuredmedia":[{"embeddable":true,"href":"https:\/\/mazdyncrea.com\/index.php\/wp-json\/wp\/v2\/media\/2006"}],"wp:attachment":[{"href":"https:\/\/mazdyncrea.com\/index.php\/wp-json\/wp\/v2\/media?parent=2020"}],"wp:term":[{"taxonomy":"product_brand","embeddable":true,"href":"https:\/\/mazdyncrea.com\/index.php\/wp-json\/wp\/v2\/product_brand?post=2020"},{"taxonomy":"product_cat","embeddable":true,"href":"https:\/\/mazdyncrea.com\/index.php\/wp-json\/wp\/v2\/product_cat?post=2020"},{"taxonomy":"product_tag","embeddable":true,"href":"https:\/\/mazdyncrea.com\/index.php\/wp-json\/wp\/v2\/product_tag?post=2020"}],"curies":[{"name":"wp","href":"https:\/\/api.w.org\/{rel}","templated":true}]}}