{"id":2017,"date":"2026-03-20T06:00:10","date_gmt":"2026-03-20T05:00:10","guid":{"rendered":"https:\/\/mazdyncrea.com\/?post_type=product&#038;p=2017"},"modified":"2026-03-26T21:20:39","modified_gmt":"2026-03-26T20:20:39","slug":"marque-page-je-tiens-a-toi","status":"publish","type":"product","link":"https:\/\/mazdyncrea.com\/index.php\/produit\/marque-page-je-tiens-a-toi\/","title":{"rendered":"Marque-Page Je tiens \u00e0 toi"},"content":{"rendered":"<p>Marque-Page Je tiens \u00e0 toi<\/p>\n<p>Mod\u00e8le unique. Possibilit\u00e9 de reproduire le th\u00e8me.<\/p>\n<p>Peint \u00e0 la main, plastifier, tresse de fil de coton r\u00e9alis\u00e9 \u00e0 la main.<\/p>\n<p>Peinture sur une face et citation de l&rsquo;autre c\u00f4t\u00e9. \u00ab\u00a0Je tiens \u00e0 toi.\u00a0\u00bb<\/p>\n<p>Dimensions : 7 x 15 cm et tresse de coton 16 cm<\/p>\n<p>Envoie via vinted possible, me contacter : mazdyncrea@gmail.com<\/p>\n","protected":false},"excerpt":{"rendered":"<p>Marque-Page je tiens \u00e0 toi<\/p>\n","protected":false},"featured_media":2001,"comment_status":"open","ping_status":"closed","template":"","meta":[],"product_brand":[],"product_cat":[20],"product_tag":[],"class_list":{"0":"post-2017","1":"product","2":"type-product","3":"status-publish","4":"has-post-thumbnail","6":"product_cat-marque-pages","7":"product_shipping_class-colis-bijoux-suspensions-aimants-marque-page","9":"entry","10":"has-media","12":"first","13":"instock","14":"shipping-taxable","15":"purchasable","16":"product-type-simple","17":"has-product-nav","18":"col","19":"span_1_of_3","20":"owp-content-center","21":"owp-thumbs-layout-horizontal","22":"owp-btn-normal","23":"owp-tabs-layout-horizontal","25":"circle-sale"},"_links":{"self":[{"href":"https:\/\/mazdyncrea.com\/index.php\/wp-json\/wp\/v2\/product\/2017","targetHints":{"allow":["GET"]}}],"collection":[{"href":"https:\/\/mazdyncrea.com\/index.php\/wp-json\/wp\/v2\/product"}],"about":[{"href":"https:\/\/mazdyncrea.com\/index.php\/wp-json\/wp\/v2\/types\/product"}],"replies":[{"embeddable":true,"href":"https:\/\/mazdyncrea.com\/index.php\/wp-json\/wp\/v2\/comments?post=2017"}],"wp:featuredmedia":[{"embeddable":true,"href":"https:\/\/mazdyncrea.com\/index.php\/wp-json\/wp\/v2\/media\/2001"}],"wp:attachment":[{"href":"https:\/\/mazdyncrea.com\/index.php\/wp-json\/wp\/v2\/media?parent=2017"}],"wp:term":[{"taxonomy":"product_brand","embeddable":true,"href":"https:\/\/mazdyncrea.com\/index.php\/wp-json\/wp\/v2\/product_brand?post=2017"},{"taxonomy":"product_cat","embeddable":true,"href":"https:\/\/mazdyncrea.com\/index.php\/wp-json\/wp\/v2\/product_cat?post=2017"},{"taxonomy":"product_tag","embeddable":true,"href":"https:\/\/mazdyncrea.com\/index.php\/wp-json\/wp\/v2\/product_tag?post=2017"}],"curies":[{"name":"wp","href":"https:\/\/api.w.org\/{rel}","templated":true}]}}