{"id":2015,"date":"2026-03-20T06:00:43","date_gmt":"2026-03-20T05:00:43","guid":{"rendered":"https:\/\/mazdyncrea.com\/?post_type=product&#038;p=2015"},"modified":"2026-01-26T08:21:35","modified_gmt":"2026-01-26T07:21:35","slug":"carte-inspirante-ta-voix-est-importante","status":"publish","type":"product","link":"https:\/\/mazdyncrea.com\/index.php\/produit\/carte-inspirante-ta-voix-est-importante\/","title":{"rendered":"Carte inspirante &#8211; Ta voix est importante"},"content":{"rendered":"<p>Carte Inspirante &#8211; Ta voix est importante<\/p>\n<p>Cr\u00e9ation unique.<\/p>\n<p>Cr\u00e9ation r\u00e9aliser \u00e0 la main, peinture et plastifier.<\/p>\n<p>Fond sombre gris bleut\u00e9, des lumi\u00e8res per\u00e7ant le sombre, sur une face, et la phrase, Ta voix est importante, sur l&rsquo;autre face<\/p>\n<p>Dimensions : 12.5 x 7.5 cm, avec bord 15.5 x 11 cm<\/p>\n","protected":false},"excerpt":{"rendered":"<p>carte inspirante ta voix est importante<\/p>\n","protected":false},"featured_media":1997,"comment_status":"open","ping_status":"closed","template":"","meta":[],"product_brand":[],"product_cat":[22],"product_tag":[],"class_list":{"0":"post-2015","1":"product","2":"type-product","3":"status-publish","4":"has-post-thumbnail","6":"product_cat-cartes-inspirantes","7":"product_shipping_class-lettres-photos-illus-cartes-peintures","9":"entry","10":"has-media","12":"first","13":"instock","14":"shipping-taxable","15":"purchasable","16":"product-type-simple","17":"has-product-nav","18":"col","19":"span_1_of_3","20":"owp-content-center","21":"owp-thumbs-layout-horizontal","22":"owp-btn-normal","23":"owp-tabs-layout-horizontal","25":"circle-sale"},"_links":{"self":[{"href":"https:\/\/mazdyncrea.com\/index.php\/wp-json\/wp\/v2\/product\/2015","targetHints":{"allow":["GET"]}}],"collection":[{"href":"https:\/\/mazdyncrea.com\/index.php\/wp-json\/wp\/v2\/product"}],"about":[{"href":"https:\/\/mazdyncrea.com\/index.php\/wp-json\/wp\/v2\/types\/product"}],"replies":[{"embeddable":true,"href":"https:\/\/mazdyncrea.com\/index.php\/wp-json\/wp\/v2\/comments?post=2015"}],"wp:featuredmedia":[{"embeddable":true,"href":"https:\/\/mazdyncrea.com\/index.php\/wp-json\/wp\/v2\/media\/1997"}],"wp:attachment":[{"href":"https:\/\/mazdyncrea.com\/index.php\/wp-json\/wp\/v2\/media?parent=2015"}],"wp:term":[{"taxonomy":"product_brand","embeddable":true,"href":"https:\/\/mazdyncrea.com\/index.php\/wp-json\/wp\/v2\/product_brand?post=2015"},{"taxonomy":"product_cat","embeddable":true,"href":"https:\/\/mazdyncrea.com\/index.php\/wp-json\/wp\/v2\/product_cat?post=2015"},{"taxonomy":"product_tag","embeddable":true,"href":"https:\/\/mazdyncrea.com\/index.php\/wp-json\/wp\/v2\/product_tag?post=2015"}],"curies":[{"name":"wp","href":"https:\/\/api.w.org\/{rel}","templated":true}]}}