{"id":1959,"date":"2025-12-20T06:00:47","date_gmt":"2025-12-20T05:00:47","guid":{"rendered":"https:\/\/mazdyncrea.com\/?post_type=product&#038;p=1959"},"modified":"2025-11-12T10:43:32","modified_gmt":"2025-11-12T09:43:32","slug":"dessin-une-lumiere-dans-le-froid","status":"publish","type":"product","link":"https:\/\/mazdyncrea.com\/index.php\/produit\/dessin-une-lumiere-dans-le-froid\/","title":{"rendered":"Dessin &#8211; Une lumi\u00e8re dans le froid"},"content":{"rendered":"<p>Dessin &#8211; Une lumi\u00e8re dans le froid<\/p>\n<p>Dessin r\u00e9alis\u00e9 avec des feutres \u00e0 alcool, stylos. Premi\u00e8re fois que j&rsquo;utilise des feutres \u00e0 l&rsquo;alcool.<br \/>\nAvec ce papier, la couleur a travers\u00e9, j&rsquo;ai donc d\u00e9cider de faire un collage \u00e0 l&rsquo;arri\u00e8re, en dessiner quelques phrases me sont venu.<\/p>\n<p>J&rsquo;ai vernis les deux c\u00f4t\u00e9s du dessin.<\/p>\n<p>Dessin unique.<\/p>\n<p>J&rsquo;ai donc d\u00e9cider de faire comme une carte inspirante en mode dessin. Les phrases :<br \/>\n\u00ab\u00a0Ici, il fait froid et sombre. Pourtant qu&rsquo;est-ce que c&rsquo;est ?<br \/>\nDe la lumi\u00e8re, de la chaleur.<br \/>\nM\u00eame dans les endroits les plus sombres et les plus froids ; tu peux trouver de la lumi\u00e8re et de la chaleur.\u00a0\u00bb<\/p>\n<p>Dimensions : 15 x 18,5 cm<\/p>\n","protected":false},"excerpt":{"rendered":"<p>Dessin &#8211; Une lumi\u00e8re dans le froid Dessin et carte inspirante<\/p>\n","protected":false},"featured_media":1960,"comment_status":"open","ping_status":"closed","template":"","meta":[],"product_brand":[],"product_cat":[22,23],"product_tag":[],"class_list":{"0":"post-1959","1":"product","2":"type-product","3":"status-publish","4":"has-post-thumbnail","6":"product_cat-cartes-inspirantes","7":"product_cat-peintures","8":"product_shipping_class-lettres-photos-illus-cartes-peintures","10":"entry","11":"has-media","13":"first","14":"instock","15":"shipping-taxable","16":"purchasable","17":"product-type-simple","18":"has-product-nav","19":"col","20":"span_1_of_3","21":"owp-content-center","22":"owp-thumbs-layout-horizontal","23":"owp-btn-normal","24":"owp-tabs-layout-horizontal","26":"circle-sale"},"_links":{"self":[{"href":"https:\/\/mazdyncrea.com\/index.php\/wp-json\/wp\/v2\/product\/1959","targetHints":{"allow":["GET"]}}],"collection":[{"href":"https:\/\/mazdyncrea.com\/index.php\/wp-json\/wp\/v2\/product"}],"about":[{"href":"https:\/\/mazdyncrea.com\/index.php\/wp-json\/wp\/v2\/types\/product"}],"replies":[{"embeddable":true,"href":"https:\/\/mazdyncrea.com\/index.php\/wp-json\/wp\/v2\/comments?post=1959"}],"wp:featuredmedia":[{"embeddable":true,"href":"https:\/\/mazdyncrea.com\/index.php\/wp-json\/wp\/v2\/media\/1960"}],"wp:attachment":[{"href":"https:\/\/mazdyncrea.com\/index.php\/wp-json\/wp\/v2\/media?parent=1959"}],"wp:term":[{"taxonomy":"product_brand","embeddable":true,"href":"https:\/\/mazdyncrea.com\/index.php\/wp-json\/wp\/v2\/product_brand?post=1959"},{"taxonomy":"product_cat","embeddable":true,"href":"https:\/\/mazdyncrea.com\/index.php\/wp-json\/wp\/v2\/product_cat?post=1959"},{"taxonomy":"product_tag","embeddable":true,"href":"https:\/\/mazdyncrea.com\/index.php\/wp-json\/wp\/v2\/product_tag?post=1959"}],"curies":[{"name":"wp","href":"https:\/\/api.w.org\/{rel}","templated":true}]}}