{"id":1955,"date":"2025-12-20T06:00:51","date_gmt":"2025-12-20T05:00:51","guid":{"rendered":"https:\/\/mazdyncrea.com\/?post_type=product&#038;p=1955"},"modified":"2026-02-03T21:59:36","modified_gmt":"2026-02-03T20:59:36","slug":"fiole-explosion-de-couleur-noir","status":"publish","type":"product","link":"https:\/\/mazdyncrea.com\/index.php\/produit\/fiole-explosion-de-couleur-noir\/","title":{"rendered":"Fiole &#8211; explosion de couleur &#8211; noir"},"content":{"rendered":"<div>\n<div dir=\"auto\">Fiole, explosion de couleur &#8211; noir<\/div>\n<div dir=\"auto\"><\/div>\n<div dir=\"auto\">Mod\u00e8le Unique<\/div>\n<div dir=\"auto\"><\/div>\n<\/div>\n<div>\n<div dir=\"auto\">\n<p>Utilisation de r\u00e9sines, min\u00e9raux, encre. Je trouve que les bulles formaient par la r\u00e9sine donne un joli effet \u00e0 la fiole.<\/p>\n<p>Et ces min\u00e9raux :\u00a0quartz rose, cristal de roche, fluorine<\/p>\n<p>Mesure : 4 x 5,5 cm<\/p>\n<\/div>\n<\/div>\n<div dir=\"auto\">Possibilit\u00e9 de faire un envoie via vinted, me contacter via l&rsquo;onglet contact ou par mail mazdyncrea@gmail.com<\/div>\n","protected":false},"excerpt":{"rendered":"<p>fiole explosion de couleur noir<\/p>\n","protected":false},"featured_media":1938,"comment_status":"open","ping_status":"closed","template":"","meta":[],"product_brand":[],"product_cat":[19],"product_tag":[],"class_list":{"0":"post-1955","1":"product","2":"type-product","3":"status-publish","4":"has-post-thumbnail","6":"product_cat-fioles","7":"product_shipping_class-colis-fioles-peluches-solidaires","9":"entry","10":"has-media","12":"first","13":"outofstock","14":"shipping-taxable","15":"purchasable","16":"product-type-simple","17":"has-product-nav","18":"col","19":"span_1_of_3","20":"owp-content-center","21":"owp-thumbs-layout-horizontal","22":"owp-btn-normal","23":"owp-tabs-layout-horizontal","24":"has-no-thumbnails","26":"circle-sale"},"_links":{"self":[{"href":"https:\/\/mazdyncrea.com\/index.php\/wp-json\/wp\/v2\/product\/1955","targetHints":{"allow":["GET"]}}],"collection":[{"href":"https:\/\/mazdyncrea.com\/index.php\/wp-json\/wp\/v2\/product"}],"about":[{"href":"https:\/\/mazdyncrea.com\/index.php\/wp-json\/wp\/v2\/types\/product"}],"replies":[{"embeddable":true,"href":"https:\/\/mazdyncrea.com\/index.php\/wp-json\/wp\/v2\/comments?post=1955"}],"wp:featuredmedia":[{"embeddable":true,"href":"https:\/\/mazdyncrea.com\/index.php\/wp-json\/wp\/v2\/media\/1938"}],"wp:attachment":[{"href":"https:\/\/mazdyncrea.com\/index.php\/wp-json\/wp\/v2\/media?parent=1955"}],"wp:term":[{"taxonomy":"product_brand","embeddable":true,"href":"https:\/\/mazdyncrea.com\/index.php\/wp-json\/wp\/v2\/product_brand?post=1955"},{"taxonomy":"product_cat","embeddable":true,"href":"https:\/\/mazdyncrea.com\/index.php\/wp-json\/wp\/v2\/product_cat?post=1955"},{"taxonomy":"product_tag","embeddable":true,"href":"https:\/\/mazdyncrea.com\/index.php\/wp-json\/wp\/v2\/product_tag?post=1955"}],"curies":[{"name":"wp","href":"https:\/\/api.w.org\/{rel}","templated":true}]}}