{"id":1945,"date":"2025-12-20T06:00:55","date_gmt":"2025-12-20T05:00:55","guid":{"rendered":"https:\/\/mazdyncrea.com\/?post_type=product&#038;p=1945"},"modified":"2025-12-23T09:44:06","modified_gmt":"2025-12-23T08:44:06","slug":"carte-inspirante-la-douceur-dune-fleur-illuminee-par-la-lune","status":"publish","type":"product","link":"https:\/\/mazdyncrea.com\/index.php\/produit\/carte-inspirante-la-douceur-dune-fleur-illuminee-par-la-lune\/","title":{"rendered":"Carte Inspirante &#8211; La douceur d&rsquo;une fleur illumin\u00e9e par la lune"},"content":{"rendered":"<p>Carte Inspirante &#8211; La douceur d&rsquo;une fleur illumin\u00e9e par la lune<\/p>\n<p>Cr\u00e9ation unique.<\/p>\n<p>Cr\u00e9ation r\u00e9aliser \u00e0 la main, peinture et plastifier.<\/p>\n<p>Fond bleut\u00e9 d\u00e9grad\u00e9, la lune au centre et une fleur, sur une face, et la phrase, La douceur d&rsquo;une fleur illumin\u00e9e par la lune, sur l&rsquo;autre face<\/p>\n<p>Dimensions : 12.5 x 7.5 cm, avec bord 15.5 x 11 cm<\/p>\n","protected":false},"excerpt":{"rendered":"<p>Carte inspirante douceur d&rsquo;une fleur &#8230; lune<\/p>\n","protected":false},"featured_media":1925,"comment_status":"open","ping_status":"closed","template":"","meta":[],"product_brand":[],"product_cat":[22],"product_tag":[],"class_list":{"0":"post-1945","1":"product","2":"type-product","3":"status-publish","4":"has-post-thumbnail","6":"product_cat-cartes-inspirantes","7":"product_shipping_class-lettres-photos-illus-cartes-peintures","9":"entry","10":"has-media","12":"first","13":"instock","14":"shipping-taxable","15":"purchasable","16":"product-type-simple","17":"has-product-nav","18":"col","19":"span_1_of_3","20":"owp-content-center","21":"owp-thumbs-layout-horizontal","22":"owp-btn-normal","23":"owp-tabs-layout-horizontal","25":"circle-sale"},"_links":{"self":[{"href":"https:\/\/mazdyncrea.com\/index.php\/wp-json\/wp\/v2\/product\/1945","targetHints":{"allow":["GET"]}}],"collection":[{"href":"https:\/\/mazdyncrea.com\/index.php\/wp-json\/wp\/v2\/product"}],"about":[{"href":"https:\/\/mazdyncrea.com\/index.php\/wp-json\/wp\/v2\/types\/product"}],"replies":[{"embeddable":true,"href":"https:\/\/mazdyncrea.com\/index.php\/wp-json\/wp\/v2\/comments?post=1945"}],"wp:featuredmedia":[{"embeddable":true,"href":"https:\/\/mazdyncrea.com\/index.php\/wp-json\/wp\/v2\/media\/1925"}],"wp:attachment":[{"href":"https:\/\/mazdyncrea.com\/index.php\/wp-json\/wp\/v2\/media?parent=1945"}],"wp:term":[{"taxonomy":"product_brand","embeddable":true,"href":"https:\/\/mazdyncrea.com\/index.php\/wp-json\/wp\/v2\/product_brand?post=1945"},{"taxonomy":"product_cat","embeddable":true,"href":"https:\/\/mazdyncrea.com\/index.php\/wp-json\/wp\/v2\/product_cat?post=1945"},{"taxonomy":"product_tag","embeddable":true,"href":"https:\/\/mazdyncrea.com\/index.php\/wp-json\/wp\/v2\/product_tag?post=1945"}],"curies":[{"name":"wp","href":"https:\/\/api.w.org\/{rel}","templated":true}]}}