{"id":1842,"date":"2025-09-17T06:00:51","date_gmt":"2025-09-17T04:00:51","guid":{"rendered":"https:\/\/mazdyncrea.com\/?post_type=product&#038;p=1842"},"modified":"2025-12-11T04:37:33","modified_gmt":"2025-12-11T03:37:33","slug":"poupee-malefique-tina","status":"publish","type":"product","link":"https:\/\/mazdyncrea.com\/index.php\/produit\/poupee-malefique-tina\/","title":{"rendered":"Poup\u00e9e Mal\u00e9fique &#8211; Tina"},"content":{"rendered":"<p>Peinture &#8211; Poup\u00e9e Mal\u00e9fique &#8211; Tina<\/p>\n<p>Dessin fait avec crayon de couleur, peinture \u00e0 l&rsquo;huile, r\u00e9cup de maquillage, faux sang.<br \/>\nAu verso, il y a son histoire, dessin plastifier.<\/p>\n<p>Tina est une poup\u00e9e articul\u00e9e, un pantin de porcelaine. Des enfants ont os\u00e9 la briser, elle a des fissures sur sa jolie porcelaine. Cette m\u00e9saventure lui acquiert des pouvoirs psychiques. Elle les utilise surtout sur les enfants. Hormis ses fissures, elle est une tr\u00e8s belle poup\u00e9e intacte. Elle est convoit\u00e9e par beaucoup de collectionneurs de sa grande raret\u00e9, ce qui n\u2019est pas plus mal pour trouver des prochaines victimes. Elle utilise ses pouvoirs en donnant d\u2019abord des maux de t\u00eate, en \u00e9tant la petite voix dans leurs t\u00eates. Ses victimes ne finissent pas ne plus distinguer le r\u00e9el, si cela ne suffit pas, elle leur fait fondre leur cerveau. Oseras-tu l\u2019acqu\u00e9rir ? Elle ne s\u2019en prend pas \u00e0 tout le monde, il faut le m\u00e9riter selon elle.<\/p>\n<p>Mesure en comptant plastique : 12 x 15,4 cm<\/p>\n","protected":false},"excerpt":{"rendered":"<p>peinture poup\u00e9e mal\u00e9fique Tina<\/p>\n","protected":false},"featured_media":1844,"comment_status":"open","ping_status":"closed","template":"","meta":[],"product_brand":[],"product_cat":[23],"product_tag":[],"class_list":{"0":"post-1842","1":"product","2":"type-product","3":"status-publish","4":"has-post-thumbnail","6":"product_cat-peintures","7":"product_shipping_class-lettres-photos-illus-cartes-peintures","9":"entry","10":"has-media","12":"first","13":"instock","14":"shipping-taxable","15":"purchasable","16":"product-type-simple","17":"has-product-nav","18":"col","19":"span_1_of_3","20":"owp-content-center","21":"owp-thumbs-layout-horizontal","22":"owp-btn-normal","23":"owp-tabs-layout-horizontal","25":"circle-sale"},"_links":{"self":[{"href":"https:\/\/mazdyncrea.com\/index.php\/wp-json\/wp\/v2\/product\/1842","targetHints":{"allow":["GET"]}}],"collection":[{"href":"https:\/\/mazdyncrea.com\/index.php\/wp-json\/wp\/v2\/product"}],"about":[{"href":"https:\/\/mazdyncrea.com\/index.php\/wp-json\/wp\/v2\/types\/product"}],"replies":[{"embeddable":true,"href":"https:\/\/mazdyncrea.com\/index.php\/wp-json\/wp\/v2\/comments?post=1842"}],"wp:featuredmedia":[{"embeddable":true,"href":"https:\/\/mazdyncrea.com\/index.php\/wp-json\/wp\/v2\/media\/1844"}],"wp:attachment":[{"href":"https:\/\/mazdyncrea.com\/index.php\/wp-json\/wp\/v2\/media?parent=1842"}],"wp:term":[{"taxonomy":"product_brand","embeddable":true,"href":"https:\/\/mazdyncrea.com\/index.php\/wp-json\/wp\/v2\/product_brand?post=1842"},{"taxonomy":"product_cat","embeddable":true,"href":"https:\/\/mazdyncrea.com\/index.php\/wp-json\/wp\/v2\/product_cat?post=1842"},{"taxonomy":"product_tag","embeddable":true,"href":"https:\/\/mazdyncrea.com\/index.php\/wp-json\/wp\/v2\/product_tag?post=1842"}],"curies":[{"name":"wp","href":"https:\/\/api.w.org\/{rel}","templated":true}]}}