{"id":1841,"date":"2025-09-17T06:00:52","date_gmt":"2025-09-17T04:00:52","guid":{"rendered":"https:\/\/mazdyncrea.com\/?post_type=product&#038;p=1841"},"modified":"2025-12-11T04:37:33","modified_gmt":"2025-12-11T03:37:33","slug":"poupee-malefique-cookie","status":"publish","type":"product","link":"https:\/\/mazdyncrea.com\/index.php\/produit\/poupee-malefique-cookie\/","title":{"rendered":"Poup\u00e9e Mal\u00e9fique &#8211; Cookie"},"content":{"rendered":"<p>Peinture &#8211; Poup\u00e9e Mal\u00e9fique &#8211; Cookie<\/p>\n<p>Dessin fait avec crayon de couleur, peinture \u00e0 l&rsquo;huile, r\u00e9cup de maquillage, faux sang.<br \/>\nAu verso, il y a son histoire, dessin plastifier.<\/p>\n<p>Cookie est une poup\u00e9e clown, elle aime s\u2019amuser et faire le chaud. Elle aime beaucoup les projets de Jigsaw et de squid game, elle adorait y participer et montrer tous ses talents. Si vous souhaitez jouer avec elle, ses jeux sont souvent mortels, ce qui est s\u00fbr, c\u2019est que personne n\u2019en r\u00e9chappe indemne (psychologiquement ou physiquement). Entrez dans son univers d\u00e9cadent, rempli de jeux et de torture, les deux choses qu\u2019elle aime profond\u00e9ment. Auriez-vous le cran de vous amusez avec elle ?<\/p>\n<p>Mesure en comptant plastique : 12,2 x 15,4 cm<\/p>\n","protected":false},"excerpt":{"rendered":"<p>Peinture &#8211; Poup\u00e9e mal\u00e9fique Cookie<\/p>\n","protected":false},"featured_media":1848,"comment_status":"open","ping_status":"closed","template":"","meta":[],"product_brand":[],"product_cat":[23],"product_tag":[],"class_list":{"0":"post-1841","1":"product","2":"type-product","3":"status-publish","4":"has-post-thumbnail","6":"product_cat-peintures","7":"product_shipping_class-lettres-photos-illus-cartes-peintures","9":"entry","10":"has-media","12":"first","13":"instock","14":"shipping-taxable","15":"purchasable","16":"product-type-simple","17":"has-product-nav","18":"col","19":"span_1_of_3","20":"owp-content-center","21":"owp-thumbs-layout-horizontal","22":"owp-btn-normal","23":"owp-tabs-layout-horizontal","25":"circle-sale"},"_links":{"self":[{"href":"https:\/\/mazdyncrea.com\/index.php\/wp-json\/wp\/v2\/product\/1841","targetHints":{"allow":["GET"]}}],"collection":[{"href":"https:\/\/mazdyncrea.com\/index.php\/wp-json\/wp\/v2\/product"}],"about":[{"href":"https:\/\/mazdyncrea.com\/index.php\/wp-json\/wp\/v2\/types\/product"}],"replies":[{"embeddable":true,"href":"https:\/\/mazdyncrea.com\/index.php\/wp-json\/wp\/v2\/comments?post=1841"}],"wp:featuredmedia":[{"embeddable":true,"href":"https:\/\/mazdyncrea.com\/index.php\/wp-json\/wp\/v2\/media\/1848"}],"wp:attachment":[{"href":"https:\/\/mazdyncrea.com\/index.php\/wp-json\/wp\/v2\/media?parent=1841"}],"wp:term":[{"taxonomy":"product_brand","embeddable":true,"href":"https:\/\/mazdyncrea.com\/index.php\/wp-json\/wp\/v2\/product_brand?post=1841"},{"taxonomy":"product_cat","embeddable":true,"href":"https:\/\/mazdyncrea.com\/index.php\/wp-json\/wp\/v2\/product_cat?post=1841"},{"taxonomy":"product_tag","embeddable":true,"href":"https:\/\/mazdyncrea.com\/index.php\/wp-json\/wp\/v2\/product_tag?post=1841"}],"curies":[{"name":"wp","href":"https:\/\/api.w.org\/{rel}","templated":true}]}}