{"id":1840,"date":"2025-09-17T06:00:15","date_gmt":"2025-09-17T04:00:15","guid":{"rendered":"https:\/\/mazdyncrea.com\/?post_type=product&#038;p=1840"},"modified":"2025-12-11T04:37:33","modified_gmt":"2025-12-11T03:37:33","slug":"poupee-malefique-katarina","status":"publish","type":"product","link":"https:\/\/mazdyncrea.com\/index.php\/produit\/poupee-malefique-katarina\/","title":{"rendered":"Poup\u00e9e Mal\u00e9fique &#8211; Katarina"},"content":{"rendered":"<p>Peinture &#8211; Poup\u00e9e Mal\u00e9fique &#8211; Katarina<\/p>\n<p>Dessin fait avec crayon de couleur, peinture \u00e0 l&rsquo;huile, r\u00e9cup de maquillage, faux sang.<br \/>\nAu verso, il y a son histoire, dessin plastifier.<\/p>\n<p>Katarina est une belle et douce poup\u00e9e aux cheveux blonds boucl\u00e9. Elle aime boire le th\u00e9. Elle a une passion pour le sang. Eh oui, sous ses airs ang\u00e9liques, se trouve une redoutable tueuse. Ses armes de pr\u00e9dilection sont les armes blanches, et bien entendues tranchantes. Elle adore quand le sang \u00e9clabousse et qu\u2019il y en a partout. Avec Katarina, les bains de sang sont assur\u00e9s. Si vous aimez jouer avec des couteaux, Katarina est faite pour vous. Elle vous montrera comment utiliser votre couteau pour un r\u00e9sultat toujours plus sanglant, ou cela sera peut-\u00eatre vous sa prochaine victime ?<\/p>\n<p>Mesure avec plastique : 12,2 x 15 cm<\/p>\n","protected":false},"excerpt":{"rendered":"<p>Peinture Poup\u00e9e mal\u00e9fique Katarina<\/p>\n","protected":false},"featured_media":1850,"comment_status":"open","ping_status":"closed","template":"","meta":[],"product_brand":[],"product_cat":[23],"product_tag":[],"class_list":{"0":"post-1840","1":"product","2":"type-product","3":"status-publish","4":"has-post-thumbnail","6":"product_cat-peintures","7":"product_shipping_class-lettres-photos-illus-cartes-peintures","9":"entry","10":"has-media","12":"first","13":"instock","14":"shipping-taxable","15":"purchasable","16":"product-type-simple","17":"has-product-nav","18":"col","19":"span_1_of_3","20":"owp-content-center","21":"owp-thumbs-layout-horizontal","22":"owp-btn-normal","23":"owp-tabs-layout-horizontal","25":"circle-sale"},"_links":{"self":[{"href":"https:\/\/mazdyncrea.com\/index.php\/wp-json\/wp\/v2\/product\/1840","targetHints":{"allow":["GET"]}}],"collection":[{"href":"https:\/\/mazdyncrea.com\/index.php\/wp-json\/wp\/v2\/product"}],"about":[{"href":"https:\/\/mazdyncrea.com\/index.php\/wp-json\/wp\/v2\/types\/product"}],"replies":[{"embeddable":true,"href":"https:\/\/mazdyncrea.com\/index.php\/wp-json\/wp\/v2\/comments?post=1840"}],"wp:featuredmedia":[{"embeddable":true,"href":"https:\/\/mazdyncrea.com\/index.php\/wp-json\/wp\/v2\/media\/1850"}],"wp:attachment":[{"href":"https:\/\/mazdyncrea.com\/index.php\/wp-json\/wp\/v2\/media?parent=1840"}],"wp:term":[{"taxonomy":"product_brand","embeddable":true,"href":"https:\/\/mazdyncrea.com\/index.php\/wp-json\/wp\/v2\/product_brand?post=1840"},{"taxonomy":"product_cat","embeddable":true,"href":"https:\/\/mazdyncrea.com\/index.php\/wp-json\/wp\/v2\/product_cat?post=1840"},{"taxonomy":"product_tag","embeddable":true,"href":"https:\/\/mazdyncrea.com\/index.php\/wp-json\/wp\/v2\/product_tag?post=1840"}],"curies":[{"name":"wp","href":"https:\/\/api.w.org\/{rel}","templated":true}]}}