{"id":1806,"date":"2025-09-17T06:00:47","date_gmt":"2025-09-17T04:00:47","guid":{"rendered":"https:\/\/mazdyncrea.com\/?post_type=product&#038;p=1806"},"modified":"2025-12-11T04:37:35","modified_gmt":"2025-12-11T03:37:35","slug":"peluche-upcycling-chat-violet","status":"publish","type":"product","link":"https:\/\/mazdyncrea.com\/index.php\/produit\/peluche-upcycling-chat-violet\/","title":{"rendered":"Peluche Upcycling Chat violet"},"content":{"rendered":"<p>Peluche Upcycling Chat violet<\/p>\n<p>Peluche upcycling, fait \u00e0 la main, l&rsquo;int\u00e9rieur est de la bourre de r\u00e9cup (tissue couper \u00e0 la main).<br \/>\nFil en coton. La t\u00eate est brod\u00e9e \u00e0 la main. Tout a \u00e9t\u00e9 fait main, la queue est \u00e9galement fait main. Les pattes ont \u00e9t\u00e9 cousues pour ressembler \u00e0 des pattes de chat.<\/p>\n<p>Chaque chat est unique, dis-moi celui que souhaite en faisant ta commande.<\/p>\n<p>Mesure :<br \/>\nChat violet fleur 12 x 6,5 x 5 cm (peluche 1)<br \/>\nChat violet 13 x 7 x 4,5 cm (Peluche 2)<\/p>\n","protected":false},"excerpt":{"rendered":"<p>Peluche upcycling chat violet<\/p>\n","protected":false},"featured_media":1788,"comment_status":"open","ping_status":"closed","template":"","meta":[],"product_brand":[],"product_cat":[35],"product_tag":[],"class_list":{"0":"post-1806","1":"product","2":"type-product","3":"status-publish","4":"has-post-thumbnail","6":"product_cat-textile","7":"product_shipping_class-colis-bijoux-suspensions-aimants-marque-page","9":"entry","10":"has-media","12":"first","13":"instock","14":"shipping-taxable","15":"purchasable","16":"product-type-variable","17":"has-product-nav","18":"col","19":"span_1_of_3","20":"owp-content-center","21":"owp-thumbs-layout-horizontal","22":"owp-btn-normal","23":"owp-tabs-layout-horizontal","25":"circle-sale"},"_links":{"self":[{"href":"https:\/\/mazdyncrea.com\/index.php\/wp-json\/wp\/v2\/product\/1806","targetHints":{"allow":["GET"]}}],"collection":[{"href":"https:\/\/mazdyncrea.com\/index.php\/wp-json\/wp\/v2\/product"}],"about":[{"href":"https:\/\/mazdyncrea.com\/index.php\/wp-json\/wp\/v2\/types\/product"}],"replies":[{"embeddable":true,"href":"https:\/\/mazdyncrea.com\/index.php\/wp-json\/wp\/v2\/comments?post=1806"}],"wp:featuredmedia":[{"embeddable":true,"href":"https:\/\/mazdyncrea.com\/index.php\/wp-json\/wp\/v2\/media\/1788"}],"wp:attachment":[{"href":"https:\/\/mazdyncrea.com\/index.php\/wp-json\/wp\/v2\/media?parent=1806"}],"wp:term":[{"taxonomy":"product_brand","embeddable":true,"href":"https:\/\/mazdyncrea.com\/index.php\/wp-json\/wp\/v2\/product_brand?post=1806"},{"taxonomy":"product_cat","embeddable":true,"href":"https:\/\/mazdyncrea.com\/index.php\/wp-json\/wp\/v2\/product_cat?post=1806"},{"taxonomy":"product_tag","embeddable":true,"href":"https:\/\/mazdyncrea.com\/index.php\/wp-json\/wp\/v2\/product_tag?post=1806"}],"curies":[{"name":"wp","href":"https:\/\/api.w.org\/{rel}","templated":true}]}}