{"id":1801,"date":"2025-09-17T06:00:16","date_gmt":"2025-09-17T04:00:16","guid":{"rendered":"https:\/\/mazdyncrea.com\/?post_type=product&#038;p=1801"},"modified":"2025-12-11T04:37:28","modified_gmt":"2025-12-11T03:37:28","slug":"peluche-citrouille-cactus-upcyling","status":"publish","type":"product","link":"https:\/\/mazdyncrea.com\/index.php\/produit\/peluche-citrouille-cactus-upcyling\/","title":{"rendered":"Peluche citrouille cactus upcyling"},"content":{"rendered":"<p>Peluche Citrouille cactus upcycling<\/p>\n<p>Peluche upcycling, fait \u00e0 la main, l&rsquo;int\u00e9rieur est de la bourre de r\u00e9cup (tissue couper \u00e0 la main).<br \/>\nFil en coton.<\/p>\n<p>Mesure : 6 x 7,5 cm<\/p>\n","protected":false},"excerpt":{"rendered":"<p>Peluche upcycling citrouille cactus<\/p>\n","protected":false},"featured_media":1793,"comment_status":"open","ping_status":"closed","template":"","meta":[],"product_brand":[],"product_cat":[35],"product_tag":[],"class_list":{"0":"post-1801","1":"product","2":"type-product","3":"status-publish","4":"has-post-thumbnail","6":"product_cat-textile","7":"product_shipping_class-colis-bijoux-suspensions-aimants-marque-page","9":"entry","10":"has-media","12":"first","13":"instock","14":"shipping-taxable","15":"purchasable","16":"product-type-simple","17":"has-product-nav","18":"col","19":"span_1_of_3","20":"owp-content-center","21":"owp-thumbs-layout-horizontal","22":"owp-btn-normal","23":"owp-tabs-layout-horizontal","25":"circle-sale"},"_links":{"self":[{"href":"https:\/\/mazdyncrea.com\/index.php\/wp-json\/wp\/v2\/product\/1801","targetHints":{"allow":["GET"]}}],"collection":[{"href":"https:\/\/mazdyncrea.com\/index.php\/wp-json\/wp\/v2\/product"}],"about":[{"href":"https:\/\/mazdyncrea.com\/index.php\/wp-json\/wp\/v2\/types\/product"}],"replies":[{"embeddable":true,"href":"https:\/\/mazdyncrea.com\/index.php\/wp-json\/wp\/v2\/comments?post=1801"}],"wp:featuredmedia":[{"embeddable":true,"href":"https:\/\/mazdyncrea.com\/index.php\/wp-json\/wp\/v2\/media\/1793"}],"wp:attachment":[{"href":"https:\/\/mazdyncrea.com\/index.php\/wp-json\/wp\/v2\/media?parent=1801"}],"wp:term":[{"taxonomy":"product_brand","embeddable":true,"href":"https:\/\/mazdyncrea.com\/index.php\/wp-json\/wp\/v2\/product_brand?post=1801"},{"taxonomy":"product_cat","embeddable":true,"href":"https:\/\/mazdyncrea.com\/index.php\/wp-json\/wp\/v2\/product_cat?post=1801"},{"taxonomy":"product_tag","embeddable":true,"href":"https:\/\/mazdyncrea.com\/index.php\/wp-json\/wp\/v2\/product_tag?post=1801"}],"curies":[{"name":"wp","href":"https:\/\/api.w.org\/{rel}","templated":true}]}}