{"id":1774,"date":"2025-09-17T06:00:30","date_gmt":"2025-09-17T04:00:30","guid":{"rendered":"https:\/\/mazdyncrea.com\/?post_type=product&#038;p=1774"},"modified":"2025-12-11T04:37:32","modified_gmt":"2025-12-11T03:37:32","slug":"peluche-stim-toys-meduse","status":"publish","type":"product","link":"https:\/\/mazdyncrea.com\/index.php\/produit\/peluche-stim-toys-meduse\/","title":{"rendered":"Peluche Stim &#8211; Toys &#8211; M\u00e9duse"},"content":{"rendered":"<p>Peluche Stim-Toy &#8211; M\u00e9duse<\/p>\n<p>Peluche fait avec des mat\u00e9riaux de r\u00e9cup. Le corps principal est fait avec deux tissus, un coton \u00e9ponge pour le dessous et un coton normal le dessus. Ses yeux sont faits avec des boutons.<\/p>\n<p>Les tentacules sont faits de diff\u00e9rentes mati\u00e8res : lacet, \u00e9lastique, polaire, coton, synth\u00e9tique. Un tentacule il y a des petites billes dedans, et dans une autre du voile.<\/p>\n<p>L&rsquo;int\u00e9rieur du corps est fait de bourre en mousse, m\u00e9langeait \u00e0 de la bourre de r\u00e9cup (tissue couper en petit).<\/p>\n<p>Mesure : 9,5 x 7,5 cm pour le corps, avec tentacules 12,5 cm<\/p>\n","protected":false},"excerpt":{"rendered":"<p>Peluche Stim-Toy M\u00e9duse<\/p>\n","protected":false},"featured_media":1754,"comment_status":"open","ping_status":"closed","template":"","meta":[],"product_brand":[],"product_cat":[35],"product_tag":[],"class_list":{"0":"post-1774","1":"product","2":"type-product","3":"status-publish","4":"has-post-thumbnail","6":"product_cat-textile","7":"product_shipping_class-colis-bijoux-suspensions-aimants-marque-page","9":"entry","10":"has-media","12":"first","13":"instock","14":"shipping-taxable","15":"purchasable","16":"product-type-simple","17":"has-product-nav","18":"col","19":"span_1_of_3","20":"owp-content-center","21":"owp-thumbs-layout-horizontal","22":"owp-btn-normal","23":"owp-tabs-layout-horizontal","25":"circle-sale"},"_links":{"self":[{"href":"https:\/\/mazdyncrea.com\/index.php\/wp-json\/wp\/v2\/product\/1774","targetHints":{"allow":["GET"]}}],"collection":[{"href":"https:\/\/mazdyncrea.com\/index.php\/wp-json\/wp\/v2\/product"}],"about":[{"href":"https:\/\/mazdyncrea.com\/index.php\/wp-json\/wp\/v2\/types\/product"}],"replies":[{"embeddable":true,"href":"https:\/\/mazdyncrea.com\/index.php\/wp-json\/wp\/v2\/comments?post=1774"}],"wp:featuredmedia":[{"embeddable":true,"href":"https:\/\/mazdyncrea.com\/index.php\/wp-json\/wp\/v2\/media\/1754"}],"wp:attachment":[{"href":"https:\/\/mazdyncrea.com\/index.php\/wp-json\/wp\/v2\/media?parent=1774"}],"wp:term":[{"taxonomy":"product_brand","embeddable":true,"href":"https:\/\/mazdyncrea.com\/index.php\/wp-json\/wp\/v2\/product_brand?post=1774"},{"taxonomy":"product_cat","embeddable":true,"href":"https:\/\/mazdyncrea.com\/index.php\/wp-json\/wp\/v2\/product_cat?post=1774"},{"taxonomy":"product_tag","embeddable":true,"href":"https:\/\/mazdyncrea.com\/index.php\/wp-json\/wp\/v2\/product_tag?post=1774"}],"curies":[{"name":"wp","href":"https:\/\/api.w.org\/{rel}","templated":true}]}}