{"id":1727,"date":"2025-09-17T06:00:01","date_gmt":"2025-09-17T04:00:01","guid":{"rendered":"https:\/\/mazdyncrea.com\/?post_type=product&#038;p=1727"},"modified":"2025-12-11T04:37:27","modified_gmt":"2025-12-11T03:37:27","slug":"illustration-mermaid-and-galaxie","status":"publish","type":"product","link":"https:\/\/mazdyncrea.com\/index.php\/produit\/illustration-mermaid-and-galaxie\/","title":{"rendered":"Illustration &#8211; Mermaid and Galaxie"},"content":{"rendered":"<p>Illustration mermaid and galaxie<\/p>\n<p>Cette ann\u00e9e, j&rsquo;ai fait quelques dessin, illustration lors du challenge mai sir\u00e8ne, mermay. Je vous propose l&rsquo;une d&rsquo;elle en impression, vous pouvez retrouver mes autres sir\u00e8nes sur les r\u00e9seaux sociaux, en prix libre, sur les \u00e9v\u00e8nements.<\/p>\n<p>Impression papier photo brillant 10 x 15 cm<\/p>\n","protected":false},"excerpt":{"rendered":"<p>Illustration Mermaid and Galaxie<\/p>\n","protected":false},"featured_media":1726,"comment_status":"open","ping_status":"closed","template":"","meta":[],"product_brand":[],"product_cat":[24],"product_tag":[],"class_list":{"0":"post-1727","1":"product","2":"type-product","3":"status-publish","4":"has-post-thumbnail","6":"product_cat-illustrations-impression","7":"product_shipping_class-lettres-photos-illus-cartes-peintures","9":"entry","10":"has-media","12":"first","13":"instock","14":"shipping-taxable","15":"purchasable","16":"product-type-simple","17":"has-product-nav","18":"col","19":"span_1_of_3","20":"owp-content-center","21":"owp-thumbs-layout-horizontal","22":"owp-btn-normal","23":"owp-tabs-layout-horizontal","25":"circle-sale"},"_links":{"self":[{"href":"https:\/\/mazdyncrea.com\/index.php\/wp-json\/wp\/v2\/product\/1727","targetHints":{"allow":["GET"]}}],"collection":[{"href":"https:\/\/mazdyncrea.com\/index.php\/wp-json\/wp\/v2\/product"}],"about":[{"href":"https:\/\/mazdyncrea.com\/index.php\/wp-json\/wp\/v2\/types\/product"}],"replies":[{"embeddable":true,"href":"https:\/\/mazdyncrea.com\/index.php\/wp-json\/wp\/v2\/comments?post=1727"}],"wp:featuredmedia":[{"embeddable":true,"href":"https:\/\/mazdyncrea.com\/index.php\/wp-json\/wp\/v2\/media\/1726"}],"wp:attachment":[{"href":"https:\/\/mazdyncrea.com\/index.php\/wp-json\/wp\/v2\/media?parent=1727"}],"wp:term":[{"taxonomy":"product_brand","embeddable":true,"href":"https:\/\/mazdyncrea.com\/index.php\/wp-json\/wp\/v2\/product_brand?post=1727"},{"taxonomy":"product_cat","embeddable":true,"href":"https:\/\/mazdyncrea.com\/index.php\/wp-json\/wp\/v2\/product_cat?post=1727"},{"taxonomy":"product_tag","embeddable":true,"href":"https:\/\/mazdyncrea.com\/index.php\/wp-json\/wp\/v2\/product_tag?post=1727"}],"curies":[{"name":"wp","href":"https:\/\/api.w.org\/{rel}","templated":true}]}}