{"id":1645,"date":"2025-06-19T06:00:52","date_gmt":"2025-06-19T04:00:52","guid":{"rendered":"https:\/\/mazdyncrea.com\/?post_type=product&#038;p=1645"},"modified":"2025-12-11T04:37:33","modified_gmt":"2025-12-11T03:37:33","slug":"peinture-lapicorne","status":"publish","type":"product","link":"https:\/\/mazdyncrea.com\/index.php\/produit\/peinture-lapicorne\/","title":{"rendered":"Peinture &#8211; Lapicorne"},"content":{"rendered":"<p>Peinture &#8211; Lapicorne<\/p>\n<p>Nouvelle peinture sur le th\u00e8me des cr\u00e9atures \u00e0 cornes.<\/p>\n<p>\u0152uvre originale et unique<\/p>\n<p>J&rsquo;ai utilis\u00e9 de la gouache, de l&rsquo;acrylique, du marqueur et de la r\u00e9cup de maquillage pour cette \u0153uvre.<\/p>\n<p>Dimension : 15 x 18.5 cm<\/p>\n","protected":false},"excerpt":{"rendered":"<p>Peinture cr\u00e9ature \u00e0 corne Lapicorne<\/p>\n","protected":false},"featured_media":1642,"comment_status":"open","ping_status":"closed","template":"","meta":[],"product_brand":[],"product_cat":[23],"product_tag":[],"class_list":{"0":"post-1645","1":"product","2":"type-product","3":"status-publish","4":"has-post-thumbnail","6":"product_cat-peintures","7":"product_shipping_class-lettres-photos-illus-cartes-peintures","9":"entry","10":"has-media","12":"first","13":"instock","14":"shipping-taxable","15":"purchasable","16":"product-type-simple","17":"has-product-nav","18":"col","19":"span_1_of_3","20":"owp-content-center","21":"owp-thumbs-layout-horizontal","22":"owp-btn-normal","23":"owp-tabs-layout-horizontal","24":"has-no-thumbnails","26":"circle-sale"},"_links":{"self":[{"href":"https:\/\/mazdyncrea.com\/index.php\/wp-json\/wp\/v2\/product\/1645","targetHints":{"allow":["GET"]}}],"collection":[{"href":"https:\/\/mazdyncrea.com\/index.php\/wp-json\/wp\/v2\/product"}],"about":[{"href":"https:\/\/mazdyncrea.com\/index.php\/wp-json\/wp\/v2\/types\/product"}],"replies":[{"embeddable":true,"href":"https:\/\/mazdyncrea.com\/index.php\/wp-json\/wp\/v2\/comments?post=1645"}],"wp:featuredmedia":[{"embeddable":true,"href":"https:\/\/mazdyncrea.com\/index.php\/wp-json\/wp\/v2\/media\/1642"}],"wp:attachment":[{"href":"https:\/\/mazdyncrea.com\/index.php\/wp-json\/wp\/v2\/media?parent=1645"}],"wp:term":[{"taxonomy":"product_brand","embeddable":true,"href":"https:\/\/mazdyncrea.com\/index.php\/wp-json\/wp\/v2\/product_brand?post=1645"},{"taxonomy":"product_cat","embeddable":true,"href":"https:\/\/mazdyncrea.com\/index.php\/wp-json\/wp\/v2\/product_cat?post=1645"},{"taxonomy":"product_tag","embeddable":true,"href":"https:\/\/mazdyncrea.com\/index.php\/wp-json\/wp\/v2\/product_tag?post=1645"}],"curies":[{"name":"wp","href":"https:\/\/api.w.org\/{rel}","templated":true}]}}