{"id":1601,"date":"2025-06-19T06:00:50","date_gmt":"2025-06-19T04:00:50","guid":{"rendered":"https:\/\/mazdyncrea.com\/?post_type=product&#038;p=1601"},"modified":"2025-12-11T04:37:35","modified_gmt":"2025-12-11T03:37:35","slug":"illustration-osera-tu-affronter-le-terrible-demon","status":"publish","type":"product","link":"https:\/\/mazdyncrea.com\/index.php\/produit\/illustration-osera-tu-affronter-le-terrible-demon\/","title":{"rendered":"Illustration &#8211; Osera-tu affronter le terrible d\u00e9mon ?"},"content":{"rendered":"<p>Illustration &#8211; Osera-tu affronter le terrible d\u00e9mon ?<\/p>\n<p>Je pense que les humains ayant un ou des chats comprennent tr\u00e8s bien cette illustration. Je me suis bas\u00e9e sur le chat de mon amie Cl\u00e9mentine, gr\u00e2ce \u00e0 l&rsquo;une de ses stories, je n&rsquo;ai pas pu m&#8217;emp\u00eacher de faire cette illustration, j&rsquo;esp\u00e8re qu&rsquo;elle vous plaira.<\/p>\n<p>Format A6, papier photo de qualit\u00e9 sup\u00e9rieure.<br \/>\nFormat 10x 15 cm, papier photo brillant<\/p>\n","protected":false},"excerpt":{"rendered":"<p>Illustration chat osera tu affronter le terrible d\u00e9mon<\/p>\n","protected":false},"featured_media":1597,"comment_status":"open","ping_status":"closed","template":"","meta":[],"product_brand":[],"product_cat":[24],"product_tag":[],"class_list":{"0":"post-1601","1":"product","2":"type-product","3":"status-publish","4":"has-post-thumbnail","6":"product_cat-illustrations-impression","7":"product_shipping_class-lettres-photos-illus-cartes-peintures","9":"entry","10":"has-media","12":"first","13":"instock","14":"shipping-taxable","15":"purchasable","16":"product-type-variable","17":"has-product-nav","18":"col","19":"span_1_of_3","20":"owp-content-center","21":"owp-thumbs-layout-horizontal","22":"owp-btn-normal","23":"owp-tabs-layout-horizontal","25":"circle-sale"},"_links":{"self":[{"href":"https:\/\/mazdyncrea.com\/index.php\/wp-json\/wp\/v2\/product\/1601","targetHints":{"allow":["GET"]}}],"collection":[{"href":"https:\/\/mazdyncrea.com\/index.php\/wp-json\/wp\/v2\/product"}],"about":[{"href":"https:\/\/mazdyncrea.com\/index.php\/wp-json\/wp\/v2\/types\/product"}],"replies":[{"embeddable":true,"href":"https:\/\/mazdyncrea.com\/index.php\/wp-json\/wp\/v2\/comments?post=1601"}],"wp:featuredmedia":[{"embeddable":true,"href":"https:\/\/mazdyncrea.com\/index.php\/wp-json\/wp\/v2\/media\/1597"}],"wp:attachment":[{"href":"https:\/\/mazdyncrea.com\/index.php\/wp-json\/wp\/v2\/media?parent=1601"}],"wp:term":[{"taxonomy":"product_brand","embeddable":true,"href":"https:\/\/mazdyncrea.com\/index.php\/wp-json\/wp\/v2\/product_brand?post=1601"},{"taxonomy":"product_cat","embeddable":true,"href":"https:\/\/mazdyncrea.com\/index.php\/wp-json\/wp\/v2\/product_cat?post=1601"},{"taxonomy":"product_tag","embeddable":true,"href":"https:\/\/mazdyncrea.com\/index.php\/wp-json\/wp\/v2\/product_tag?post=1601"}],"curies":[{"name":"wp","href":"https:\/\/api.w.org\/{rel}","templated":true}]}}