{"id":1595,"date":"2025-06-19T06:00:53","date_gmt":"2025-06-19T04:00:53","guid":{"rendered":"https:\/\/mazdyncrea.com\/?post_type=product&#038;p=1595"},"modified":"2025-12-11T04:37:35","modified_gmt":"2025-12-11T03:37:35","slug":"illustration-fee-leaf","status":"publish","type":"product","link":"https:\/\/mazdyncrea.com\/index.php\/produit\/illustration-fee-leaf\/","title":{"rendered":"Illustration F\u00e9e Leaf"},"content":{"rendered":"<p>F\u00e9e Leaf<\/p>\n<p>Leaf est une petite f\u00e9e. Ce n\u2019est pas la seule f\u00e9e \u00e0 \u00eatre petite, mais Leaf trouve que ce n\u2019est pas toujours facile d\u2019\u00eatre petite, il y a beaucoup plus de grandes f\u00e9es dans son entourage. Elle aimerait \u00eatre comme toutes les autres f\u00e9es. Elle se fatigue vite et a des difficult\u00e9s \u00e0 manger.<\/p>\n<p>Cela ne l\u2019emp\u00eache pas d\u2019avoir plein d\u2019ami.e .s f\u00e9es, de s\u2019amuser et de vivre pleinement. &#8230;.<\/p>\n<p>Illustration d&rsquo;une petite f\u00e9e pas comme les autres. Je me suis inspir\u00e9e de mon syndrome (le syndrome de Silver Russell), pour cr\u00e9er cette petite f\u00e9e.<br \/>\nC&rsquo;est une illustration avait un texte qui l&rsquo;accompagne, son histoire. Je pense refaire d&rsquo;autres illustrations de Leaf, si cela pla\u00eet. C&rsquo;est un moyen de parler de tol\u00e9rance, d&rsquo;inclusivit\u00e9, accessible \u00e9galement aux enfants. Je pourrais \u00e9galement aborder d&rsquo;autres diff\u00e9rences gr\u00e2ce \u00e0 d&rsquo;autres f\u00e9es ou cr\u00e9atures.<\/p>\n<p>Format A6, papier photo de qualit\u00e9 sup\u00e9rieure mate.<\/p>\n","protected":false},"excerpt":{"rendered":"<p>illustration pr\u00e9sentation de la f\u00e9e Leaf<\/p>\n","protected":false},"featured_media":1594,"comment_status":"open","ping_status":"closed","template":"","meta":[],"product_brand":[],"product_cat":[24],"product_tag":[],"class_list":{"0":"post-1595","1":"product","2":"type-product","3":"status-publish","4":"has-post-thumbnail","6":"product_cat-illustrations-impression","7":"product_shipping_class-lettres-photos-illus-cartes-peintures","9":"entry","10":"has-media","12":"first","13":"instock","14":"shipping-taxable","15":"purchasable","16":"product-type-variable","17":"has-product-nav","18":"col","19":"span_1_of_3","20":"owp-content-center","21":"owp-thumbs-layout-horizontal","22":"owp-btn-normal","23":"owp-tabs-layout-horizontal","25":"circle-sale"},"_links":{"self":[{"href":"https:\/\/mazdyncrea.com\/index.php\/wp-json\/wp\/v2\/product\/1595","targetHints":{"allow":["GET"]}}],"collection":[{"href":"https:\/\/mazdyncrea.com\/index.php\/wp-json\/wp\/v2\/product"}],"about":[{"href":"https:\/\/mazdyncrea.com\/index.php\/wp-json\/wp\/v2\/types\/product"}],"replies":[{"embeddable":true,"href":"https:\/\/mazdyncrea.com\/index.php\/wp-json\/wp\/v2\/comments?post=1595"}],"wp:featuredmedia":[{"embeddable":true,"href":"https:\/\/mazdyncrea.com\/index.php\/wp-json\/wp\/v2\/media\/1594"}],"wp:attachment":[{"href":"https:\/\/mazdyncrea.com\/index.php\/wp-json\/wp\/v2\/media?parent=1595"}],"wp:term":[{"taxonomy":"product_brand","embeddable":true,"href":"https:\/\/mazdyncrea.com\/index.php\/wp-json\/wp\/v2\/product_brand?post=1595"},{"taxonomy":"product_cat","embeddable":true,"href":"https:\/\/mazdyncrea.com\/index.php\/wp-json\/wp\/v2\/product_cat?post=1595"},{"taxonomy":"product_tag","embeddable":true,"href":"https:\/\/mazdyncrea.com\/index.php\/wp-json\/wp\/v2\/product_tag?post=1595"}],"curies":[{"name":"wp","href":"https:\/\/api.w.org\/{rel}","templated":true}]}}