{"id":1569,"date":"2025-06-19T06:00:13","date_gmt":"2025-06-19T04:00:13","guid":{"rendered":"https:\/\/mazdyncrea.com\/?post_type=product&#038;p=1569"},"modified":"2025-12-11T04:37:34","modified_gmt":"2025-12-11T03:37:34","slug":"broderie-soleil","status":"publish","type":"product","link":"https:\/\/mazdyncrea.com\/index.php\/produit\/broderie-soleil\/","title":{"rendered":"Broderie &#8211; Soleil"},"content":{"rendered":"<p>Petite Broderie Soleil<\/p>\n<p>Elle peut se porter en m\u00e9daillon (cha\u00eene non incluse) ou s&rsquo;accrocher.<\/p>\n<p>Elle a demand\u00e9 plusieurs semaines de travail. Cr\u00e9ation unique.<\/p>\n<p>La broderie a \u00e9t\u00e9 faite main avec du coton. J&rsquo;ai utilis\u00e9 comme encadrement une monture d&rsquo;ancienne lunette, j&rsquo;ai \u00e9galement utilis\u00e9 un fil d&rsquo;aluminium pour fermer la monture et faire une d\u00e9coration sur le dessus. J&rsquo;ai finalis\u00e9 avec de la peinture 3D pour le contour.<\/p>\n","protected":false},"excerpt":{"rendered":"<p>Petite Broderie Soleil<\/p>\n","protected":false},"featured_media":1557,"comment_status":"open","ping_status":"closed","template":"","meta":[],"product_brand":[],"product_cat":[35],"product_tag":[],"class_list":{"0":"post-1569","1":"product","2":"type-product","3":"status-publish","4":"has-post-thumbnail","6":"product_cat-textile","7":"product_shipping_class-colis-bijoux-suspensions-aimants-marque-page","9":"entry","10":"has-media","12":"first","13":"instock","14":"shipping-taxable","15":"purchasable","16":"product-type-simple","17":"has-product-nav","18":"col","19":"span_1_of_3","20":"owp-content-center","21":"owp-thumbs-layout-horizontal","22":"owp-btn-normal","23":"owp-tabs-layout-horizontal","25":"circle-sale"},"_links":{"self":[{"href":"https:\/\/mazdyncrea.com\/index.php\/wp-json\/wp\/v2\/product\/1569","targetHints":{"allow":["GET"]}}],"collection":[{"href":"https:\/\/mazdyncrea.com\/index.php\/wp-json\/wp\/v2\/product"}],"about":[{"href":"https:\/\/mazdyncrea.com\/index.php\/wp-json\/wp\/v2\/types\/product"}],"replies":[{"embeddable":true,"href":"https:\/\/mazdyncrea.com\/index.php\/wp-json\/wp\/v2\/comments?post=1569"}],"wp:featuredmedia":[{"embeddable":true,"href":"https:\/\/mazdyncrea.com\/index.php\/wp-json\/wp\/v2\/media\/1557"}],"wp:attachment":[{"href":"https:\/\/mazdyncrea.com\/index.php\/wp-json\/wp\/v2\/media?parent=1569"}],"wp:term":[{"taxonomy":"product_brand","embeddable":true,"href":"https:\/\/mazdyncrea.com\/index.php\/wp-json\/wp\/v2\/product_brand?post=1569"},{"taxonomy":"product_cat","embeddable":true,"href":"https:\/\/mazdyncrea.com\/index.php\/wp-json\/wp\/v2\/product_cat?post=1569"},{"taxonomy":"product_tag","embeddable":true,"href":"https:\/\/mazdyncrea.com\/index.php\/wp-json\/wp\/v2\/product_tag?post=1569"}],"curies":[{"name":"wp","href":"https:\/\/api.w.org\/{rel}","templated":true}]}}