{"id":1462,"date":"2025-03-20T06:00:37","date_gmt":"2025-03-20T05:00:37","guid":{"rendered":"https:\/\/mazdyncrea.com\/?post_type=product&#038;p=1462"},"modified":"2025-12-11T04:37:30","modified_gmt":"2025-12-11T03:37:30","slug":"marque-page-la-justice","status":"publish","type":"product","link":"https:\/\/mazdyncrea.com\/index.php\/produit\/marque-page-la-justice\/","title":{"rendered":"Marque- Page La Justice"},"content":{"rendered":"<p>La Justice<\/p>\n<p>Marque &#8211; Page unique.<br \/>\nR\u00e9alis\u00e9 avec le snailtober de 2024, sur du papier aquarelle en aquarelle. D\u00e9couper et plastifier.<br \/>\nChaque marque-page est unique, peint des deux c\u00f4t\u00e9s, avec aquarelles et stylo gel. Utilisation de fil de coton.<\/p>\n<p>Dimension : 5.8 x 21.5 cm, fil de coton tress\u00e9 23 cm<\/p>\n<p>Fond des photos cours spirituel de Diane Snotra, disponible sur patreon.<\/p>\n","protected":false},"excerpt":{"rendered":"<p>Marque-Page Tarot La Justice<\/p>\n","protected":false},"featured_media":1429,"comment_status":"open","ping_status":"closed","template":"","meta":[],"product_brand":[],"product_cat":[20],"product_tag":[],"class_list":{"0":"post-1462","1":"product","2":"type-product","3":"status-publish","4":"has-post-thumbnail","6":"product_cat-marque-pages","7":"product_shipping_class-lettres-photos-illus-cartes-peintures","9":"entry","10":"has-media","12":"first","13":"instock","14":"shipping-taxable","15":"purchasable","16":"product-type-simple","17":"has-product-nav","18":"col","19":"span_1_of_3","20":"owp-content-center","21":"owp-thumbs-layout-horizontal","22":"owp-btn-normal","23":"owp-tabs-layout-horizontal","25":"circle-sale"},"_links":{"self":[{"href":"https:\/\/mazdyncrea.com\/index.php\/wp-json\/wp\/v2\/product\/1462","targetHints":{"allow":["GET"]}}],"collection":[{"href":"https:\/\/mazdyncrea.com\/index.php\/wp-json\/wp\/v2\/product"}],"about":[{"href":"https:\/\/mazdyncrea.com\/index.php\/wp-json\/wp\/v2\/types\/product"}],"replies":[{"embeddable":true,"href":"https:\/\/mazdyncrea.com\/index.php\/wp-json\/wp\/v2\/comments?post=1462"}],"wp:featuredmedia":[{"embeddable":true,"href":"https:\/\/mazdyncrea.com\/index.php\/wp-json\/wp\/v2\/media\/1429"}],"wp:attachment":[{"href":"https:\/\/mazdyncrea.com\/index.php\/wp-json\/wp\/v2\/media?parent=1462"}],"wp:term":[{"taxonomy":"product_brand","embeddable":true,"href":"https:\/\/mazdyncrea.com\/index.php\/wp-json\/wp\/v2\/product_brand?post=1462"},{"taxonomy":"product_cat","embeddable":true,"href":"https:\/\/mazdyncrea.com\/index.php\/wp-json\/wp\/v2\/product_cat?post=1462"},{"taxonomy":"product_tag","embeddable":true,"href":"https:\/\/mazdyncrea.com\/index.php\/wp-json\/wp\/v2\/product_tag?post=1462"}],"curies":[{"name":"wp","href":"https:\/\/api.w.org\/{rel}","templated":true}]}}