{"id":1459,"date":"2025-03-20T06:00:45","date_gmt":"2025-03-20T05:00:45","guid":{"rendered":"https:\/\/mazdyncrea.com\/?post_type=product&#038;p=1459"},"modified":"2025-12-11T04:37:33","modified_gmt":"2025-12-11T03:37:33","slug":"nymphe-phosithonia","status":"publish","type":"product","link":"https:\/\/mazdyncrea.com\/index.php\/produit\/nymphe-phosithonia\/","title":{"rendered":"Nymphe Phosithonia"},"content":{"rendered":"<p><span style=\"color: #000000;\"><span style=\"font-family: Arial, sans-serif;\">Nymphe du feu, de la lumi\u00e8re<\/span><\/span><\/p>\n<p><span style=\"color: #000000;\"><span style=\"font-family: Arial, sans-serif;\">Phosithonia<\/span><\/span><\/p>\n<p><span style=\"color: #000000;\"><span style=\"font-family: Arial, sans-serif;\">C\u2019est une nymphe fougueuse, qui engendre les feux et permet qu\u2019ils ne s\u2019\u00e9tendent pas trop. Elle a un temp\u00e9rament de feu, elle n\u2019est pas tr\u00e8s sociable hormis avec ces cong\u00e9n\u00e8res.<\/span><\/span><\/p>\n<p>Dessin recto\/verso unique.<br \/>\nDessin r\u00e9alis\u00e9 avec des crayons de couleur, r\u00e9cup de maquillage, marqueur, sur du papier canson et plastifier.<\/p>\n<p><span style=\"color: #000000;\"><span style=\"font-family: Arial, sans-serif;\">Dimension : 17.2 x 13.4 cm. <\/span><\/span><\/p>\n","protected":false},"excerpt":{"rendered":"<p>Dessin &#8211; Nymphe Phosithonia et son histoire<\/p>\n","protected":false},"featured_media":1424,"comment_status":"open","ping_status":"closed","template":"","meta":[],"product_brand":[],"product_cat":[23],"product_tag":[],"class_list":{"0":"post-1459","1":"product","2":"type-product","3":"status-publish","4":"has-post-thumbnail","6":"product_cat-peintures","7":"product_shipping_class-lettres-photos-illus-cartes-peintures","9":"entry","10":"has-media","12":"first","13":"instock","14":"shipping-taxable","15":"purchasable","16":"product-type-simple","17":"has-product-nav","18":"col","19":"span_1_of_3","20":"owp-content-center","21":"owp-thumbs-layout-horizontal","22":"owp-btn-normal","23":"owp-tabs-layout-horizontal","25":"circle-sale"},"_links":{"self":[{"href":"https:\/\/mazdyncrea.com\/index.php\/wp-json\/wp\/v2\/product\/1459","targetHints":{"allow":["GET"]}}],"collection":[{"href":"https:\/\/mazdyncrea.com\/index.php\/wp-json\/wp\/v2\/product"}],"about":[{"href":"https:\/\/mazdyncrea.com\/index.php\/wp-json\/wp\/v2\/types\/product"}],"replies":[{"embeddable":true,"href":"https:\/\/mazdyncrea.com\/index.php\/wp-json\/wp\/v2\/comments?post=1459"}],"wp:featuredmedia":[{"embeddable":true,"href":"https:\/\/mazdyncrea.com\/index.php\/wp-json\/wp\/v2\/media\/1424"}],"wp:attachment":[{"href":"https:\/\/mazdyncrea.com\/index.php\/wp-json\/wp\/v2\/media?parent=1459"}],"wp:term":[{"taxonomy":"product_brand","embeddable":true,"href":"https:\/\/mazdyncrea.com\/index.php\/wp-json\/wp\/v2\/product_brand?post=1459"},{"taxonomy":"product_cat","embeddable":true,"href":"https:\/\/mazdyncrea.com\/index.php\/wp-json\/wp\/v2\/product_cat?post=1459"},{"taxonomy":"product_tag","embeddable":true,"href":"https:\/\/mazdyncrea.com\/index.php\/wp-json\/wp\/v2\/product_tag?post=1459"}],"curies":[{"name":"wp","href":"https:\/\/api.w.org\/{rel}","templated":true}]}}