{"id":1332,"date":"2024-11-19T09:22:27","date_gmt":"2024-11-19T08:22:27","guid":{"rendered":"https:\/\/mazdyncrea.com\/?post_type=product&#038;p=1332"},"modified":"2025-12-11T04:37:33","modified_gmt":"2025-12-11T03:37:33","slug":"peluche-chat-monstre","status":"publish","type":"product","link":"https:\/\/mazdyncrea.com\/index.php\/produit\/peluche-chat-monstre\/","title":{"rendered":"Peluche Chat Monstre"},"content":{"rendered":"<p>Peluche Chat Monstre,<br \/>\nR\u00e9alis\u00e9 avec de la fausse fourrure, les yeux ont \u00e9t\u00e9 r\u00e9alis\u00e9 apr\u00e8s avec des fils de coton. Nous avons eu l&rsquo;id\u00e9e des yeux qu&rsquo;apr\u00e8s la r\u00e9alisation de la t\u00eate.<br \/>\nUn ruban est disponible si vous souhaitez l&rsquo;accrocher.<\/p>\n<p>Dimensions : 16 x 15 cm<br \/>\nTaille du ruban 11.5 cm<\/p>\n<p>Possibilit\u00e9 de faire un envoie via vinted, n&rsquo;h\u00e9sitez pas \u00e0 me contacter sur mazdyncrea@gmail.com<\/p>\n","protected":false},"excerpt":{"rendered":"<p>Peluche chat monstre<\/p>\n","protected":false},"featured_media":1320,"comment_status":"open","ping_status":"closed","template":"","meta":[],"product_brand":[],"product_cat":[35],"product_tag":[],"class_list":{"0":"post-1332","1":"product","2":"type-product","3":"status-publish","4":"has-post-thumbnail","6":"product_cat-textile","7":"product_shipping_class-colis-fioles-peluches-solidaires","9":"entry","10":"has-media","12":"first","13":"instock","14":"shipping-taxable","15":"purchasable","16":"product-type-simple","17":"has-product-nav","18":"col","19":"span_1_of_3","20":"owp-content-center","21":"owp-thumbs-layout-horizontal","22":"owp-btn-normal","23":"owp-tabs-layout-horizontal","25":"circle-sale"},"_links":{"self":[{"href":"https:\/\/mazdyncrea.com\/index.php\/wp-json\/wp\/v2\/product\/1332","targetHints":{"allow":["GET"]}}],"collection":[{"href":"https:\/\/mazdyncrea.com\/index.php\/wp-json\/wp\/v2\/product"}],"about":[{"href":"https:\/\/mazdyncrea.com\/index.php\/wp-json\/wp\/v2\/types\/product"}],"replies":[{"embeddable":true,"href":"https:\/\/mazdyncrea.com\/index.php\/wp-json\/wp\/v2\/comments?post=1332"}],"wp:featuredmedia":[{"embeddable":true,"href":"https:\/\/mazdyncrea.com\/index.php\/wp-json\/wp\/v2\/media\/1320"}],"wp:attachment":[{"href":"https:\/\/mazdyncrea.com\/index.php\/wp-json\/wp\/v2\/media?parent=1332"}],"wp:term":[{"taxonomy":"product_brand","embeddable":true,"href":"https:\/\/mazdyncrea.com\/index.php\/wp-json\/wp\/v2\/product_brand?post=1332"},{"taxonomy":"product_cat","embeddable":true,"href":"https:\/\/mazdyncrea.com\/index.php\/wp-json\/wp\/v2\/product_cat?post=1332"},{"taxonomy":"product_tag","embeddable":true,"href":"https:\/\/mazdyncrea.com\/index.php\/wp-json\/wp\/v2\/product_tag?post=1332"}],"curies":[{"name":"wp","href":"https:\/\/api.w.org\/{rel}","templated":true}]}}