{"id":1313,"date":"2024-11-19T09:22:28","date_gmt":"2024-11-19T08:22:28","guid":{"rendered":"https:\/\/mazdyncrea.com\/?post_type=product&#038;p=1313"},"modified":"2025-12-11T04:37:30","modified_gmt":"2025-12-11T03:37:30","slug":"boucles-doreilles-arbre-de-vie-et-amethyste","status":"publish","type":"product","link":"https:\/\/mazdyncrea.com\/index.php\/produit\/boucles-doreilles-arbre-de-vie-et-amethyste\/","title":{"rendered":"Boucles d&rsquo;oreilles arbre de vie et am\u00e9thyste"},"content":{"rendered":"<p>Boucles d&rsquo;oreilles arbres de vie et am\u00e9thyste.<\/p>\n<p>Cr\u00e9ation upcycling, je ne mets plus de boucle d&rsquo;oreille. J&rsquo;ai donc d\u00e9cid\u00e9 d&rsquo;am\u00e9liorer d&rsquo;anciennes boucles pour vous les proposer.<br \/>\nIci, j&rsquo;ai ajout\u00e9 deux pierres naturelles d&rsquo;am\u00e9thystes \u00e0 chaque boucle. Afin, d&rsquo;en faire une cr\u00e9ation originale et unique.<\/p>\n<p>Dimensions : 5 x 1.8 cm<\/p>\n","protected":false},"excerpt":{"rendered":"<p>Boucles d&rsquo;oreilles arbre de vie et am\u00e9thyste<\/p>\n","protected":false},"featured_media":1295,"comment_status":"open","ping_status":"closed","template":"","meta":[],"product_brand":[],"product_cat":[28],"product_tag":[],"class_list":{"0":"post-1313","1":"product","2":"type-product","3":"status-publish","4":"has-post-thumbnail","6":"product_cat-bijoux","7":"product_shipping_class-colis-bijoux-suspensions-aimants-marque-page","9":"entry","10":"has-media","12":"first","13":"instock","14":"shipping-taxable","15":"purchasable","16":"product-type-simple","17":"has-product-nav","18":"col","19":"span_1_of_3","20":"owp-content-center","21":"owp-thumbs-layout-horizontal","22":"owp-btn-normal","23":"owp-tabs-layout-horizontal","25":"circle-sale"},"_links":{"self":[{"href":"https:\/\/mazdyncrea.com\/index.php\/wp-json\/wp\/v2\/product\/1313","targetHints":{"allow":["GET"]}}],"collection":[{"href":"https:\/\/mazdyncrea.com\/index.php\/wp-json\/wp\/v2\/product"}],"about":[{"href":"https:\/\/mazdyncrea.com\/index.php\/wp-json\/wp\/v2\/types\/product"}],"replies":[{"embeddable":true,"href":"https:\/\/mazdyncrea.com\/index.php\/wp-json\/wp\/v2\/comments?post=1313"}],"wp:featuredmedia":[{"embeddable":true,"href":"https:\/\/mazdyncrea.com\/index.php\/wp-json\/wp\/v2\/media\/1295"}],"wp:attachment":[{"href":"https:\/\/mazdyncrea.com\/index.php\/wp-json\/wp\/v2\/media?parent=1313"}],"wp:term":[{"taxonomy":"product_brand","embeddable":true,"href":"https:\/\/mazdyncrea.com\/index.php\/wp-json\/wp\/v2\/product_brand?post=1313"},{"taxonomy":"product_cat","embeddable":true,"href":"https:\/\/mazdyncrea.com\/index.php\/wp-json\/wp\/v2\/product_cat?post=1313"},{"taxonomy":"product_tag","embeddable":true,"href":"https:\/\/mazdyncrea.com\/index.php\/wp-json\/wp\/v2\/product_tag?post=1313"}],"curies":[{"name":"wp","href":"https:\/\/api.w.org\/{rel}","templated":true}]}}