{"id":1279,"date":"2024-11-19T09:21:49","date_gmt":"2024-11-19T08:21:49","guid":{"rendered":"https:\/\/mazdyncrea.com\/?post_type=product&#038;p=1279"},"modified":"2025-12-11T04:37:30","modified_gmt":"2025-12-11T03:37:30","slug":"suspension-sucre-dorge-et-sa-voleuse-bleu","status":"publish","type":"product","link":"https:\/\/mazdyncrea.com\/index.php\/produit\/suspension-sucre-dorge-et-sa-voleuse-bleu\/","title":{"rendered":"Suspension &#8211; Sucre d&rsquo;orge et sa voleuse bleu"},"content":{"rendered":"<p>Suspension originale, unique et \u00e9cologique, fait \u00e0 base de papier recycl\u00e9, et d&rsquo;une chute de ruban.<br \/>\nPeint \u00e0 la main et d\u00e9corer.<\/p>\n<p>Attention, une petite voleuse tente de voler le sucre d&rsquo;orge, arrivera-t-elle ?<\/p>\n<p>Edition de No\u00ebl Limit\u00e9<\/p>\n<p>Possibilit\u00e9 de faire un envoi via vinted, me contacter par mail mazdyncrea@gmail.com<\/p>\n<p>Voleuse bleu : marque atilolou<\/p>\n<p>Dimension 4 x 8.5 cm<br \/>\nHauteur avec le ruban 12.5 cm<\/p>\n","protected":false},"excerpt":{"rendered":"<p>Suspension Edition No\u00ebl Sucre d&rsquo;orge et sa voleuse bleu<\/p>\n","protected":false},"featured_media":1205,"comment_status":"open","ping_status":"closed","template":"","meta":[],"product_brand":[],"product_cat":[21],"product_tag":[],"class_list":{"0":"post-1279","1":"product","2":"type-product","3":"status-publish","4":"has-post-thumbnail","6":"product_cat-suspensions-aimants","7":"product_shipping_class-colis-bijoux-suspensions-aimants-marque-page","9":"entry","10":"has-media","12":"first","13":"instock","14":"shipping-taxable","15":"purchasable","16":"product-type-simple","17":"has-product-nav","18":"col","19":"span_1_of_3","20":"owp-content-center","21":"owp-thumbs-layout-horizontal","22":"owp-btn-normal","23":"owp-tabs-layout-horizontal","25":"circle-sale"},"_links":{"self":[{"href":"https:\/\/mazdyncrea.com\/index.php\/wp-json\/wp\/v2\/product\/1279","targetHints":{"allow":["GET"]}}],"collection":[{"href":"https:\/\/mazdyncrea.com\/index.php\/wp-json\/wp\/v2\/product"}],"about":[{"href":"https:\/\/mazdyncrea.com\/index.php\/wp-json\/wp\/v2\/types\/product"}],"replies":[{"embeddable":true,"href":"https:\/\/mazdyncrea.com\/index.php\/wp-json\/wp\/v2\/comments?post=1279"}],"wp:featuredmedia":[{"embeddable":true,"href":"https:\/\/mazdyncrea.com\/index.php\/wp-json\/wp\/v2\/media\/1205"}],"wp:attachment":[{"href":"https:\/\/mazdyncrea.com\/index.php\/wp-json\/wp\/v2\/media?parent=1279"}],"wp:term":[{"taxonomy":"product_brand","embeddable":true,"href":"https:\/\/mazdyncrea.com\/index.php\/wp-json\/wp\/v2\/product_brand?post=1279"},{"taxonomy":"product_cat","embeddable":true,"href":"https:\/\/mazdyncrea.com\/index.php\/wp-json\/wp\/v2\/product_cat?post=1279"},{"taxonomy":"product_tag","embeddable":true,"href":"https:\/\/mazdyncrea.com\/index.php\/wp-json\/wp\/v2\/product_tag?post=1279"}],"curies":[{"name":"wp","href":"https:\/\/api.w.org\/{rel}","templated":true}]}}