{"id":1256,"date":"2024-11-19T09:21:49","date_gmt":"2024-11-19T08:21:49","guid":{"rendered":"https:\/\/mazdyncrea.com\/?post_type=product&#038;p=1256"},"modified":"2025-12-11T04:37:29","modified_gmt":"2025-12-11T03:37:29","slug":"suspension-flocon-gris","status":"publish","type":"product","link":"https:\/\/mazdyncrea.com\/index.php\/produit\/suspension-flocon-gris\/","title":{"rendered":"Suspension &#8211; Flocon Gris"},"content":{"rendered":"<p>Suspension &#8211; Flocon Gris<\/p>\n<p>Suspension originale, unique et \u00e9cologique, fait \u00e0 base de papier recycl\u00e9, et d&rsquo;une chute de ruban.<br \/>\nPeint \u00e0 la main et d\u00e9corer. Les deux faces de la suspension sont diff\u00e9rentes.<\/p>\n<p>Possibilit\u00e9 de faire un envoi via vinted, me contacter par mail mazdyncrea@gmail.com<\/p>\n<p>Diam\u00e8tre 5 cm, hauteur avec le ruban 9 cm<\/p>\n","protected":false},"excerpt":{"rendered":"<p>Suspension &#8211; Flocon Gris<\/p>\n","protected":false},"featured_media":1149,"comment_status":"open","ping_status":"closed","template":"","meta":[],"product_brand":[],"product_cat":[21],"product_tag":[],"class_list":{"0":"post-1256","1":"product","2":"type-product","3":"status-publish","4":"has-post-thumbnail","6":"product_cat-suspensions-aimants","7":"product_shipping_class-colis-bijoux-suspensions-aimants-marque-page","9":"entry","10":"has-media","12":"first","13":"instock","14":"shipping-taxable","15":"purchasable","16":"product-type-simple","17":"has-product-nav","18":"col","19":"span_1_of_3","20":"owp-content-center","21":"owp-thumbs-layout-horizontal","22":"owp-btn-normal","23":"owp-tabs-layout-horizontal","25":"circle-sale"},"_links":{"self":[{"href":"https:\/\/mazdyncrea.com\/index.php\/wp-json\/wp\/v2\/product\/1256","targetHints":{"allow":["GET"]}}],"collection":[{"href":"https:\/\/mazdyncrea.com\/index.php\/wp-json\/wp\/v2\/product"}],"about":[{"href":"https:\/\/mazdyncrea.com\/index.php\/wp-json\/wp\/v2\/types\/product"}],"replies":[{"embeddable":true,"href":"https:\/\/mazdyncrea.com\/index.php\/wp-json\/wp\/v2\/comments?post=1256"}],"wp:featuredmedia":[{"embeddable":true,"href":"https:\/\/mazdyncrea.com\/index.php\/wp-json\/wp\/v2\/media\/1149"}],"wp:attachment":[{"href":"https:\/\/mazdyncrea.com\/index.php\/wp-json\/wp\/v2\/media?parent=1256"}],"wp:term":[{"taxonomy":"product_brand","embeddable":true,"href":"https:\/\/mazdyncrea.com\/index.php\/wp-json\/wp\/v2\/product_brand?post=1256"},{"taxonomy":"product_cat","embeddable":true,"href":"https:\/\/mazdyncrea.com\/index.php\/wp-json\/wp\/v2\/product_cat?post=1256"},{"taxonomy":"product_tag","embeddable":true,"href":"https:\/\/mazdyncrea.com\/index.php\/wp-json\/wp\/v2\/product_tag?post=1256"}],"curies":[{"name":"wp","href":"https:\/\/api.w.org\/{rel}","templated":true}]}}