{"id":1254,"date":"2024-12-20T06:00:11","date_gmt":"2024-12-20T05:00:11","guid":{"rendered":"https:\/\/mazdyncrea.com\/?post_type=product&#038;p=1254"},"modified":"2025-12-11T04:37:32","modified_gmt":"2025-12-11T03:37:32","slug":"peinture-nature-parallele","status":"publish","type":"product","link":"https:\/\/mazdyncrea.com\/index.php\/produit\/peinture-nature-parallele\/","title":{"rendered":"Peinture &#8211; Nature parall\u00e8le"},"content":{"rendered":"<p>Peinture &#8211; Nature parall\u00e8le<\/p>\n<p>Cette peinture a \u00e9t\u00e9 r\u00e9alis\u00e9e avec de l&rsquo;acrylique, de craie, peinture \u00e0 l&rsquo;huile, ainsi que du maquillage.<\/p>\n<p>L&rsquo;utilisation de maquillage permet de r\u00e9utiliser du vieux maquillage p\u00e9rim\u00e9, afin d&rsquo;\u00e9viter de jeter, dans un but \u00e9cologique.<\/p>\n<p>Dimension : 18.5 x 15cm<\/p>\n<p>&nbsp;<\/p>\n","protected":false},"excerpt":{"rendered":"<p>Peinture &#8211; Nature parall\u00e8le<\/p>\n","protected":false},"featured_media":1131,"comment_status":"open","ping_status":"closed","template":"","meta":[],"product_brand":[],"product_cat":[23],"product_tag":[],"class_list":{"0":"post-1254","1":"product","2":"type-product","3":"status-publish","4":"has-post-thumbnail","6":"product_cat-peintures","7":"product_shipping_class-lettres-photos-illus-cartes-peintures","9":"entry","10":"has-media","12":"first","13":"instock","14":"shipping-taxable","15":"purchasable","16":"product-type-simple","17":"has-product-nav","18":"col","19":"span_1_of_3","20":"owp-content-center","21":"owp-thumbs-layout-horizontal","22":"owp-btn-normal","23":"owp-tabs-layout-horizontal","24":"has-no-thumbnails","26":"circle-sale"},"_links":{"self":[{"href":"https:\/\/mazdyncrea.com\/index.php\/wp-json\/wp\/v2\/product\/1254","targetHints":{"allow":["GET"]}}],"collection":[{"href":"https:\/\/mazdyncrea.com\/index.php\/wp-json\/wp\/v2\/product"}],"about":[{"href":"https:\/\/mazdyncrea.com\/index.php\/wp-json\/wp\/v2\/types\/product"}],"replies":[{"embeddable":true,"href":"https:\/\/mazdyncrea.com\/index.php\/wp-json\/wp\/v2\/comments?post=1254"}],"wp:featuredmedia":[{"embeddable":true,"href":"https:\/\/mazdyncrea.com\/index.php\/wp-json\/wp\/v2\/media\/1131"}],"wp:attachment":[{"href":"https:\/\/mazdyncrea.com\/index.php\/wp-json\/wp\/v2\/media?parent=1254"}],"wp:term":[{"taxonomy":"product_brand","embeddable":true,"href":"https:\/\/mazdyncrea.com\/index.php\/wp-json\/wp\/v2\/product_brand?post=1254"},{"taxonomy":"product_cat","embeddable":true,"href":"https:\/\/mazdyncrea.com\/index.php\/wp-json\/wp\/v2\/product_cat?post=1254"},{"taxonomy":"product_tag","embeddable":true,"href":"https:\/\/mazdyncrea.com\/index.php\/wp-json\/wp\/v2\/product_tag?post=1254"}],"curies":[{"name":"wp","href":"https:\/\/api.w.org\/{rel}","templated":true}]}}