{"id":1250,"date":"2024-12-20T06:00:03","date_gmt":"2024-12-20T05:00:03","guid":{"rendered":"https:\/\/mazdyncrea.com\/?post_type=product&#038;p=1250"},"modified":"2025-12-11T04:37:33","modified_gmt":"2025-12-11T03:37:33","slug":"bijoux-ras-de-cou-gothique-glace","status":"publish","type":"product","link":"https:\/\/mazdyncrea.com\/index.php\/produit\/bijoux-ras-de-cou-gothique-glace\/","title":{"rendered":"Bijoux &#8211; Ras de cou Gothique Glace"},"content":{"rendered":"<p>Bijoux &#8211; Ras de cou Gothique Glace<\/p>\n<p>Ce bijou a \u00e9t\u00e9 r\u00e9alis\u00e9 avec des chutes de tissu et ruban. Il a \u00e9t\u00e9 cousu main, rajout de la cha\u00eene et du m\u00e9daillon.<\/p>\n<p>Le m\u00e9daillon a \u00e9t\u00e9 r\u00e9alis\u00e9 par mes soins.<\/p>\n<p>C&rsquo;est un bijou original et unique.<\/p>\n<p>Format : 32 x 11 cm<\/p>\n<p>Possibilit\u00e9 d&rsquo;ajouter des anneaux pour agrandir le tour de cou.<\/p>\n<p>Envoie possible via vinted, me contacter par mail mazdyncrea@gmail.com<\/p>\n","protected":false},"excerpt":{"rendered":"<p>Bijoux &#8211; Ras de cou Gothique Glace<\/p>\n","protected":false},"featured_media":1251,"comment_status":"open","ping_status":"closed","template":"","meta":[],"product_brand":[],"product_cat":[28],"product_tag":[],"class_list":{"0":"post-1250","1":"product","2":"type-product","3":"status-publish","4":"has-post-thumbnail","6":"product_cat-bijoux","7":"product_shipping_class-colis-bijoux-suspensions-aimants-marque-page","9":"entry","10":"has-media","12":"first","13":"instock","14":"shipping-taxable","15":"purchasable","16":"product-type-simple","17":"has-product-nav","18":"col","19":"span_1_of_3","20":"owp-content-center","21":"owp-thumbs-layout-horizontal","22":"owp-btn-normal","23":"owp-tabs-layout-horizontal","25":"circle-sale"},"_links":{"self":[{"href":"https:\/\/mazdyncrea.com\/index.php\/wp-json\/wp\/v2\/product\/1250","targetHints":{"allow":["GET"]}}],"collection":[{"href":"https:\/\/mazdyncrea.com\/index.php\/wp-json\/wp\/v2\/product"}],"about":[{"href":"https:\/\/mazdyncrea.com\/index.php\/wp-json\/wp\/v2\/types\/product"}],"replies":[{"embeddable":true,"href":"https:\/\/mazdyncrea.com\/index.php\/wp-json\/wp\/v2\/comments?post=1250"}],"wp:featuredmedia":[{"embeddable":true,"href":"https:\/\/mazdyncrea.com\/index.php\/wp-json\/wp\/v2\/media\/1251"}],"wp:attachment":[{"href":"https:\/\/mazdyncrea.com\/index.php\/wp-json\/wp\/v2\/media?parent=1250"}],"wp:term":[{"taxonomy":"product_brand","embeddable":true,"href":"https:\/\/mazdyncrea.com\/index.php\/wp-json\/wp\/v2\/product_brand?post=1250"},{"taxonomy":"product_cat","embeddable":true,"href":"https:\/\/mazdyncrea.com\/index.php\/wp-json\/wp\/v2\/product_cat?post=1250"},{"taxonomy":"product_tag","embeddable":true,"href":"https:\/\/mazdyncrea.com\/index.php\/wp-json\/wp\/v2\/product_tag?post=1250"}],"curies":[{"name":"wp","href":"https:\/\/api.w.org\/{rel}","templated":true}]}}