{"id":1230,"date":"2024-11-19T09:22:28","date_gmt":"2024-11-19T08:22:28","guid":{"rendered":"https:\/\/mazdyncrea.com\/?post_type=product&#038;p=1230"},"modified":"2025-12-11T04:37:29","modified_gmt":"2025-12-11T03:37:29","slug":"suspension-ourson-pere-noel-renne","status":"publish","type":"product","link":"https:\/\/mazdyncrea.com\/index.php\/produit\/suspension-ourson-pere-noel-renne\/","title":{"rendered":"Suspension Ourson P\u00e8re No\u00ebl\/Renne"},"content":{"rendered":"<p>Suspension Ourson<\/p>\n<p>Ourson en feutrine, peint et d\u00e9cor\u00e9 \u00e0 la main, le ruban utilis\u00e9 est recycl\u00e9.<br \/>\nChaque face est d\u00e9cor\u00e9e diff\u00e9remment.<br \/>\n\u00c9dition Limit\u00e9e, sp\u00e9ciale No\u00ebl<\/p>\n<p>Sur une face, le p\u00e8re No\u00ebl, l&rsquo;autre renne et guirlande.<\/p>\n<p>Mesure 9 x 6 cm, avec le ruban environ 13.5 cm<\/p>\n","protected":false},"excerpt":{"rendered":"<p>Suspension Ourson P\u00e8re No\u00ebl\/renne<\/p>\n","protected":false},"featured_media":1174,"comment_status":"open","ping_status":"closed","template":"","meta":[],"product_brand":[],"product_cat":[21],"product_tag":[],"class_list":{"0":"post-1230","1":"product","2":"type-product","3":"status-publish","4":"has-post-thumbnail","6":"product_cat-suspensions-aimants","7":"product_shipping_class-colis-bijoux-suspensions-aimants-marque-page","9":"entry","10":"has-media","12":"first","13":"instock","14":"shipping-taxable","15":"purchasable","16":"product-type-simple","17":"has-product-nav","18":"col","19":"span_1_of_3","20":"owp-content-center","21":"owp-thumbs-layout-horizontal","22":"owp-btn-normal","23":"owp-tabs-layout-horizontal","25":"circle-sale"},"_links":{"self":[{"href":"https:\/\/mazdyncrea.com\/index.php\/wp-json\/wp\/v2\/product\/1230","targetHints":{"allow":["GET"]}}],"collection":[{"href":"https:\/\/mazdyncrea.com\/index.php\/wp-json\/wp\/v2\/product"}],"about":[{"href":"https:\/\/mazdyncrea.com\/index.php\/wp-json\/wp\/v2\/types\/product"}],"replies":[{"embeddable":true,"href":"https:\/\/mazdyncrea.com\/index.php\/wp-json\/wp\/v2\/comments?post=1230"}],"wp:featuredmedia":[{"embeddable":true,"href":"https:\/\/mazdyncrea.com\/index.php\/wp-json\/wp\/v2\/media\/1174"}],"wp:attachment":[{"href":"https:\/\/mazdyncrea.com\/index.php\/wp-json\/wp\/v2\/media?parent=1230"}],"wp:term":[{"taxonomy":"product_brand","embeddable":true,"href":"https:\/\/mazdyncrea.com\/index.php\/wp-json\/wp\/v2\/product_brand?post=1230"},{"taxonomy":"product_cat","embeddable":true,"href":"https:\/\/mazdyncrea.com\/index.php\/wp-json\/wp\/v2\/product_cat?post=1230"},{"taxonomy":"product_tag","embeddable":true,"href":"https:\/\/mazdyncrea.com\/index.php\/wp-json\/wp\/v2\/product_tag?post=1230"}],"curies":[{"name":"wp","href":"https:\/\/api.w.org\/{rel}","templated":true}]}}