{"id":1228,"date":"2024-11-19T09:22:28","date_gmt":"2024-11-19T08:22:28","guid":{"rendered":"https:\/\/mazdyncrea.com\/?post_type=product&#038;p=1228"},"modified":"2025-12-11T04:37:28","modified_gmt":"2025-12-11T03:37:28","slug":"aimant-noeud-rouge","status":"publish","type":"product","link":"https:\/\/mazdyncrea.com\/index.php\/produit\/aimant-noeud-rouge\/","title":{"rendered":"Aimant N\u0153ud Rouge"},"content":{"rendered":"<p>Aimant N\u0153ud Rouge<\/p>\n<p>Il est l\u00e9ger, et original. C&rsquo;est une cr\u00e9ation unique.<br \/>\nIl est fait \u00e0 partir de mat\u00e9riaux recycl\u00e9s, sur la base du papier m\u00e2cher.<br \/>\nBien entendu, tout est fait \u00e0 la main par mes soins, la conception de l&rsquo;aimant, la r\u00e9alisation de la peinture et le montage en aimant.<\/p>\n<p>Une pi\u00e8ce unique sur le th\u00e8me de No\u00ebl, \u00e9dition limit\u00e9e.<\/p>\n<p>Mesure 5 x 4.5 cm<\/p>\n","protected":false},"excerpt":{"rendered":"<p>Aimant N\u0153ud Rouge de No\u00ebl<\/p>\n","protected":false},"featured_media":1129,"comment_status":"open","ping_status":"closed","template":"","meta":[],"product_brand":[],"product_cat":[21],"product_tag":[],"class_list":{"0":"post-1228","1":"product","2":"type-product","3":"status-publish","4":"has-post-thumbnail","6":"product_cat-suspensions-aimants","7":"product_shipping_class-colis-bijoux-suspensions-aimants-marque-page","9":"entry","10":"has-media","12":"first","13":"instock","14":"shipping-taxable","15":"purchasable","16":"product-type-simple","17":"has-product-nav","18":"col","19":"span_1_of_3","20":"owp-content-center","21":"owp-thumbs-layout-horizontal","22":"owp-btn-normal","23":"owp-tabs-layout-horizontal","25":"circle-sale"},"_links":{"self":[{"href":"https:\/\/mazdyncrea.com\/index.php\/wp-json\/wp\/v2\/product\/1228","targetHints":{"allow":["GET"]}}],"collection":[{"href":"https:\/\/mazdyncrea.com\/index.php\/wp-json\/wp\/v2\/product"}],"about":[{"href":"https:\/\/mazdyncrea.com\/index.php\/wp-json\/wp\/v2\/types\/product"}],"replies":[{"embeddable":true,"href":"https:\/\/mazdyncrea.com\/index.php\/wp-json\/wp\/v2\/comments?post=1228"}],"wp:featuredmedia":[{"embeddable":true,"href":"https:\/\/mazdyncrea.com\/index.php\/wp-json\/wp\/v2\/media\/1129"}],"wp:attachment":[{"href":"https:\/\/mazdyncrea.com\/index.php\/wp-json\/wp\/v2\/media?parent=1228"}],"wp:term":[{"taxonomy":"product_brand","embeddable":true,"href":"https:\/\/mazdyncrea.com\/index.php\/wp-json\/wp\/v2\/product_brand?post=1228"},{"taxonomy":"product_cat","embeddable":true,"href":"https:\/\/mazdyncrea.com\/index.php\/wp-json\/wp\/v2\/product_cat?post=1228"},{"taxonomy":"product_tag","embeddable":true,"href":"https:\/\/mazdyncrea.com\/index.php\/wp-json\/wp\/v2\/product_tag?post=1228"}],"curies":[{"name":"wp","href":"https:\/\/api.w.org\/{rel}","templated":true}]}}