{"id":1223,"date":"2024-11-19T09:23:52","date_gmt":"2024-11-19T08:23:52","guid":{"rendered":"https:\/\/mazdyncrea.com\/?post_type=product&#038;p=1223"},"modified":"2025-06-22T14:13:43","modified_gmt":"2025-06-22T12:13:43","slug":"carte-bleute-enneige","status":"publish","type":"product","link":"https:\/\/mazdyncrea.com\/index.php\/produit\/carte-bleute-enneige\/","title":{"rendered":"Carte Bleut\u00e9 enneig\u00e9"},"content":{"rendered":"<p>Carte Bleut\u00e9 Enneig\u00e9<\/p>\n<p>Carte de v\u0153ux unique et original.<\/p>\n<p>Carte peinte \u00e0 la main, une carte unique.<br \/>\nElles sont quelques-unes en \u00e9dition limit\u00e9e.<\/p>\n<p>Envie d&rsquo;envoyer un petit message, possibilit\u00e9 que je r\u00e9dige vos mots si c&rsquo;est un cadeau.<\/p>\n<p>Mesure 9.5 x 15 cm<\/p>\n","protected":false},"excerpt":{"rendered":"<p>Carte peinture enneig\u00e9<\/p>\n","protected":false},"featured_media":1113,"comment_status":"open","ping_status":"closed","template":"","meta":[],"product_brand":[],"product_cat":[29],"product_tag":[],"class_list":{"0":"post-1223","1":"product","2":"type-product","3":"status-publish","4":"has-post-thumbnail","6":"product_cat-cartes-postales","7":"product_shipping_class-lettres-photos-illus-cartes-peintures","9":"entry","10":"has-media","12":"first","13":"outofstock","14":"shipping-taxable","15":"purchasable","16":"product-type-simple","17":"has-product-nav","18":"col","19":"span_1_of_3","20":"owp-content-center","21":"owp-thumbs-layout-horizontal","22":"owp-btn-normal","23":"owp-tabs-layout-horizontal","24":"has-no-thumbnails","26":"circle-sale"},"_links":{"self":[{"href":"https:\/\/mazdyncrea.com\/index.php\/wp-json\/wp\/v2\/product\/1223","targetHints":{"allow":["GET"]}}],"collection":[{"href":"https:\/\/mazdyncrea.com\/index.php\/wp-json\/wp\/v2\/product"}],"about":[{"href":"https:\/\/mazdyncrea.com\/index.php\/wp-json\/wp\/v2\/types\/product"}],"replies":[{"embeddable":true,"href":"https:\/\/mazdyncrea.com\/index.php\/wp-json\/wp\/v2\/comments?post=1223"}],"wp:featuredmedia":[{"embeddable":true,"href":"https:\/\/mazdyncrea.com\/index.php\/wp-json\/wp\/v2\/media\/1113"}],"wp:attachment":[{"href":"https:\/\/mazdyncrea.com\/index.php\/wp-json\/wp\/v2\/media?parent=1223"}],"wp:term":[{"taxonomy":"product_brand","embeddable":true,"href":"https:\/\/mazdyncrea.com\/index.php\/wp-json\/wp\/v2\/product_brand?post=1223"},{"taxonomy":"product_cat","embeddable":true,"href":"https:\/\/mazdyncrea.com\/index.php\/wp-json\/wp\/v2\/product_cat?post=1223"},{"taxonomy":"product_tag","embeddable":true,"href":"https:\/\/mazdyncrea.com\/index.php\/wp-json\/wp\/v2\/product_tag?post=1223"}],"curies":[{"name":"wp","href":"https:\/\/api.w.org\/{rel}","templated":true}]}}