{"id":1095,"date":"2024-09-18T09:24:49","date_gmt":"2024-09-18T07:24:49","guid":{"rendered":"https:\/\/mazdyncrea.com\/?post_type=product&#038;p=1095"},"modified":"2025-12-11T04:37:31","modified_gmt":"2025-12-11T03:37:31","slug":"impression-aquarelle-ma-douleur","status":"publish","type":"product","link":"https:\/\/mazdyncrea.com\/index.php\/produit\/impression-aquarelle-ma-douleur\/","title":{"rendered":"Impression &#8211; Aquarelle &#8211; Ma Douleur"},"content":{"rendered":"<p>Impression &#8211; Aquarelle &#8211; Ma Douleur<\/p>\n<p>Le compte instagram @princesse_au_doigt_saucisse a propos\u00e9 \u00e0 ses abonn\u00e9.e.s de participer \u00e0 ma douleur c&rsquo;est comme. Elle a s\u00e9lectionn\u00e9 quelques r\u00e9ponses et elle en a fait des illustrations.<\/p>\n<p>Etant \u00e9tait inspir\u00e9e autant pour l&rsquo;\u00e9criture, j&rsquo;ai d\u00e9cid\u00e9 d&rsquo;en faire une aquarelle m\u00e9langeant peinture et texte.<\/p>\n<p>Voici le r\u00e9sultat.<\/p>\n<p>Format 18 x 24 cm<\/p>\n","protected":false},"excerpt":{"rendered":"<p>Impression &#8211; Aquarelle &#8211; Ma douleur<\/p>\n","protected":false},"featured_media":1092,"comment_status":"open","ping_status":"closed","template":"","meta":[],"product_brand":[],"product_cat":[24],"product_tag":[],"class_list":{"0":"post-1095","1":"product","2":"type-product","3":"status-publish","4":"has-post-thumbnail","6":"product_cat-illustrations-impression","7":"product_shipping_class-lettres-photos-illus-cartes-peintures","9":"entry","10":"has-media","12":"first","13":"instock","14":"shipping-taxable","15":"purchasable","16":"product-type-simple","17":"has-product-nav","18":"col","19":"span_1_of_3","20":"owp-content-center","21":"owp-thumbs-layout-horizontal","22":"owp-btn-normal","23":"owp-tabs-layout-horizontal","25":"circle-sale"},"_links":{"self":[{"href":"https:\/\/mazdyncrea.com\/index.php\/wp-json\/wp\/v2\/product\/1095","targetHints":{"allow":["GET"]}}],"collection":[{"href":"https:\/\/mazdyncrea.com\/index.php\/wp-json\/wp\/v2\/product"}],"about":[{"href":"https:\/\/mazdyncrea.com\/index.php\/wp-json\/wp\/v2\/types\/product"}],"replies":[{"embeddable":true,"href":"https:\/\/mazdyncrea.com\/index.php\/wp-json\/wp\/v2\/comments?post=1095"}],"wp:featuredmedia":[{"embeddable":true,"href":"https:\/\/mazdyncrea.com\/index.php\/wp-json\/wp\/v2\/media\/1092"}],"wp:attachment":[{"href":"https:\/\/mazdyncrea.com\/index.php\/wp-json\/wp\/v2\/media?parent=1095"}],"wp:term":[{"taxonomy":"product_brand","embeddable":true,"href":"https:\/\/mazdyncrea.com\/index.php\/wp-json\/wp\/v2\/product_brand?post=1095"},{"taxonomy":"product_cat","embeddable":true,"href":"https:\/\/mazdyncrea.com\/index.php\/wp-json\/wp\/v2\/product_cat?post=1095"},{"taxonomy":"product_tag","embeddable":true,"href":"https:\/\/mazdyncrea.com\/index.php\/wp-json\/wp\/v2\/product_tag?post=1095"}],"curies":[{"name":"wp","href":"https:\/\/api.w.org\/{rel}","templated":true}]}}