{"id":1090,"date":"2024-09-18T09:24:51","date_gmt":"2024-09-18T07:24:51","guid":{"rendered":"https:\/\/mazdyncrea.com\/?post_type=product&#038;p=1090"},"modified":"2026-02-09T09:10:13","modified_gmt":"2026-02-09T08:10:13","slug":"impression-aquarelle-papillons-ssr","status":"publish","type":"product","link":"https:\/\/mazdyncrea.com\/index.php\/produit\/impression-aquarelle-papillons-ssr\/","title":{"rendered":"Impression &#8211; Aquarelle &#8211; Papillons SSR"},"content":{"rendered":"<p>Impression &#8211; Aquarelle &#8211; Papillon SSR<\/p>\n<p>Pour la journ\u00e9e internationale des maladies rares, j&rsquo;ai fait cette aquarelle.<\/p>\n<p>Pour les personnes qui ne savent pas, j&rsquo;ai le Syndrome de Silver Russell (SSR), qui est une maladie rare.<\/p>\n<p>Je vous propose cette impression, une partie des b\u00e9n\u00e9fices iront \u00e0 l&rsquo;association SSR PAG France, dont je fais d&rsquo;ailleurs partie.<\/p>\n<p>Vous pouvez \u00e9galement passer directement par l&rsquo;association pour avoir votre impression.<\/p>\n<p>Format 18 x 24 cm<br \/>\n10 x 15 cm<\/p>\n","protected":false},"excerpt":{"rendered":"<p>Impression &#8211; Aquarelle &#8211; SSR<\/p>\n","protected":false},"featured_media":1091,"comment_status":"open","ping_status":"closed","template":"","meta":[],"product_brand":[],"product_cat":[24],"product_tag":[],"class_list":{"0":"post-1090","1":"product","2":"type-product","3":"status-publish","4":"has-post-thumbnail","6":"product_cat-illustrations-impression","7":"product_shipping_class-lettres-photos-illus-cartes-peintures","9":"entry","10":"has-media","12":"first","13":"instock","14":"shipping-taxable","15":"purchasable","16":"product-type-variable","17":"has-product-nav","18":"col","19":"span_1_of_3","20":"owp-content-center","21":"owp-thumbs-layout-horizontal","22":"owp-btn-normal","23":"owp-tabs-layout-horizontal","25":"circle-sale"},"_links":{"self":[{"href":"https:\/\/mazdyncrea.com\/index.php\/wp-json\/wp\/v2\/product\/1090","targetHints":{"allow":["GET"]}}],"collection":[{"href":"https:\/\/mazdyncrea.com\/index.php\/wp-json\/wp\/v2\/product"}],"about":[{"href":"https:\/\/mazdyncrea.com\/index.php\/wp-json\/wp\/v2\/types\/product"}],"replies":[{"embeddable":true,"href":"https:\/\/mazdyncrea.com\/index.php\/wp-json\/wp\/v2\/comments?post=1090"}],"wp:featuredmedia":[{"embeddable":true,"href":"https:\/\/mazdyncrea.com\/index.php\/wp-json\/wp\/v2\/media\/1091"}],"wp:attachment":[{"href":"https:\/\/mazdyncrea.com\/index.php\/wp-json\/wp\/v2\/media?parent=1090"}],"wp:term":[{"taxonomy":"product_brand","embeddable":true,"href":"https:\/\/mazdyncrea.com\/index.php\/wp-json\/wp\/v2\/product_brand?post=1090"},{"taxonomy":"product_cat","embeddable":true,"href":"https:\/\/mazdyncrea.com\/index.php\/wp-json\/wp\/v2\/product_cat?post=1090"},{"taxonomy":"product_tag","embeddable":true,"href":"https:\/\/mazdyncrea.com\/index.php\/wp-json\/wp\/v2\/product_tag?post=1090"}],"curies":[{"name":"wp","href":"https:\/\/api.w.org\/{rel}","templated":true}]}}